{"id":1002,"date":"2022-03-01T15:05:44","date_gmt":"2022-03-01T14:05:44","guid":{"rendered":"https:\/\/www.ibot.cas.cz\/popekol\/?page_id=1002"},"modified":"2025-12-12T14:12:59","modified_gmt":"2025-12-12T13:12:59","slug":"o-nas","status":"publish","type":"page","link":"https:\/\/www.ibot.cas.cz\/popekol\/cs\/","title":{"rendered":"O n\u00e1s"},"content":{"rendered":"<p><img loading=\"lazy\" decoding=\"async\" class=\"aligncenter size-full wp-image-1269\" src=\"https:\/\/www.ibot.cas.cz\/popekol\/wp-content\/uploads\/sites\/10\/2025\/12\/popekol_2025_12.jpg\" alt=\"\" width=\"2000\" height=\"1125\" srcset=\"https:\/\/www.ibot.cas.cz\/popekol\/wp-content\/uploads\/sites\/10\/2025\/12\/popekol_2025_12.jpg 2000w, https:\/\/www.ibot.cas.cz\/popekol\/wp-content\/uploads\/sites\/10\/2025\/12\/popekol_2025_12-300x169.jpg 300w, https:\/\/www.ibot.cas.cz\/popekol\/wp-content\/uploads\/sites\/10\/2025\/12\/popekol_2025_12-1024x576.jpg 1024w, https:\/\/www.ibot.cas.cz\/popekol\/wp-content\/uploads\/sites\/10\/2025\/12\/popekol_2025_12-768x432.jpg 768w, https:\/\/www.ibot.cas.cz\/popekol\/wp-content\/uploads\/sites\/10\/2025\/12\/popekol_2025_12-1536x864.jpg 1536w\" sizes=\"auto, (max-width: 2000px) 100vw, 2000px\" \/>Pochopen\u00ed ekologie a genetiky p\u0159\u00edrodn\u00edch populac\u00ed je hlavn\u00edm c\u00edlem v\u00fdzkumu na na\u0161em odd\u011blen\u00ed. To zahrnuje v\u00fdzkum na mnoha r\u016fzn\u00fdch \u00farovn\u00edch s vyu\u017eit\u00edm \u0161irok\u00e9 \u0161k\u00e1ly modelov\u00fdch organizm\u016f a syst\u00e9m\u016f. Zat\u00edmco na\u0161e prim\u00e1rn\u00ed zam\u011b\u0159en\u00ed je na bylinn\u00e1 a travinn\u00e1 spole\u010denstva\u00a0na otev\u0159en\u00fdch stanovi\u0161t\u00edch v r\u00e1mci st\u0159edn\u00ed Evropy, n\u011bkolik na\u0161ich projekt\u016f sah\u00e1 i nad tento r\u00e1mec.\u00a0N\u011bkter\u00e9 projekty tak prob\u00edhaj\u00ed i v dal\u0161\u00edch \u010d\u00e1stech sv\u011bta jako jsou Norsko, Nep\u00e1l, Himal\u00e1je nebo Kan\u00e1rsk\u00e9 ostrovy.<\/p>\n<h4>V\u00edce podrobnost\u00ed o v\u00fdzkumu a jednotliv\u00fdch lidech na na\u0161em odd\u011blen\u00ed najdete na anglick\u00e9 verzi str\u00e1nek\u00a0<a href=\"https:\/\/www.ibot.cas.cz\/popekol\/?lang=en\">ZDE<\/a>.<\/h4>\n<h1><\/h1>\n<h4><a href=\"https:\/\/www.ibot.cas.cz\/cs\/vedecka-cinnost\/seznam-projektu\/?tx=&amp;yr=&amp;de=13&amp;pe=&amp;tp=\">Datab\u00e1ze v\u0161ech v\u00fdzkumn\u00fdch projekt\u016f \u0159e\u0161en\u00fdch na odd\u011blen\u00ed.<\/a><\/h4>\n","protected":false},"excerpt":{"rendered":"<p>Pochopen\u00ed ekologie a genetiky p\u0159\u00edrodn\u00edch populac\u00ed je hlavn\u00edm c\u00edlem v\u00fdzkumu na na\u0161em odd\u011blen\u00ed. To zahrnuje v\u00fdzkum na mnoha r\u016fzn\u00fdch \u00farovn\u00edch s vyu\u017eit\u00edm \u0161irok\u00e9 \u0161k\u00e1ly modelov\u00fdch organizm\u016f a syst\u00e9m\u016f. Zat\u00edmco na\u0161e prim\u00e1rn\u00ed zam\u011b\u0159en\u00ed je na bylinn\u00e1 a travinn\u00e1 spole\u010denstva\u00a0na otev\u0159en\u00fdch stanovi\u0161t\u00edch v r\u00e1mci st\u0159edn\u00ed Evropy, n\u011bkolik na\u0161ich projekt\u016f sah\u00e1 i nad tento r\u00e1mec.\u00a0N\u011bkter\u00e9 projekty tak prob\u00edhaj\u00ed [&hellip;]<\/p>\n","protected":false},"author":30,"featured_media":1085,"parent":0,"menu_order":0,"comment_status":"closed","ping_status":"closed","template":"","meta":{"_acf_changed":false,"footnotes":"","_links_to":"","_links_to_target":""},"class_list":["post-1002","page","type-page","status-publish","has-post-thumbnail","hentry"],"acf":[],"_links":{"self":[{"href":"https:\/\/www.ibot.cas.cz\/popekol\/wp-json\/wp\/v2\/pages\/1002","targetHints":{"allow":["GET"]}}],"collection":[{"href":"https:\/\/www.ibot.cas.cz\/popekol\/wp-json\/wp\/v2\/pages"}],"about":[{"href":"https:\/\/www.ibot.cas.cz\/popekol\/wp-json\/wp\/v2\/types\/page"}],"author":[{"embeddable":true,"href":"https:\/\/www.ibot.cas.cz\/popekol\/wp-json\/wp\/v2\/users\/30"}],"replies":[{"embeddable":true,"href":"https:\/\/www.ibot.cas.cz\/popekol\/wp-json\/wp\/v2\/comments?post=1002"}],"version-history":[{"count":6,"href":"https:\/\/www.ibot.cas.cz\/popekol\/wp-json\/wp\/v2\/pages\/1002\/revisions"}],"predecessor-version":[{"id":1270,"href":"https:\/\/www.ibot.cas.cz\/popekol\/wp-json\/wp\/v2\/pages\/1002\/revisions\/1270"}],"wp:featuredmedia":[{"embeddable":true,"href":"https:\/\/www.ibot.cas.cz\/popekol\/wp-json\/wp\/v2\/media\/1085"}],"wp:attachment":[{"href":"https:\/\/www.ibot.cas.cz\/popekol\/wp-json\/wp\/v2\/media?parent=1002"}],"curies":[{"name":"wp","href":"https:\/\/api.w.org\/{rel}","templated":true}]}}