{"id":5321,"date":"2023-06-14T12:14:04","date_gmt":"2023-06-14T10:14:04","guid":{"rendered":"https:\/\/www.ibot.cas.cz\/oddeleni-vegetacni-ekologie\/?page_id=5321"},"modified":"2024-04-22T10:28:40","modified_gmt":"2024-04-22T08:28:40","slug":"projekty","status":"publish","type":"page","link":"https:\/\/www.ibot.cas.cz\/oddeleni-vegetacni-ekologie\/cs\/projekty\/","title":{"rendered":"Projekty"},"content":{"rendered":"<h4>B\u011b\u017e\u00edc\u00ed projekty:<\/h4>\n<ul>\n<li>2022-2025 <a href=\"https:\/\/www.ibot.cas.cz\/oddeleni-vegetacni-ekologie\/cs\/2023\/06\/19\/vyvoj-efektivnich-nastroju-pro-sledovani-a-hodnoceni-ekologickeho-stavu-a-ekosystemovych-sluzeb-rybniku-a-pro-zlepseni-komunikace-se-stakeholdery\/\" target=\"_blank\" rel=\"noopener\">Vy\u0301voj efektivn\u00edch na\u0301stroj\u016f pro sledova\u0301n\u00ed a hodnocen\u00ed ekologicke\u0301ho stavu a ekosyste\u0301movy\u0301ch slu\u017eeb rybn\u00edk\u016f a pro zlep\u0161en\u00ed komunikace se stakeholdery<\/a><\/li>\n<li>2021\u20132026 <a href=\"https:\/\/www.ibot.cas.cz\/oddeleni-vegetacni-ekologie\/cs\/2023\/06\/14\/centrum-pro-krajinu-a-biodiverzitu-divland\/\" target=\"_blank\" rel=\"noopener\">Centrum pro krajinu a biodiverzitu (DivLand)<\/a><\/li>\n<li>2021\u20132024 <a href=\"https:\/\/www.ibot.cas.cz\/oddeleni-vegetacni-ekologie\/cs\/2023\/06\/14\/vyuziti-tradicnich-znalosti-k-zastaveni-ztraty-biologicke-rozmanitosti-v-lesich\/\" target=\"_blank\" rel=\"noopener\">Vyu\u017eit\u00ed tradi\u010dn\u00edch znalost\u00ed k zastaven\u00ed ztr\u00e1ty biologick\u00e9 rozmanitosti v les\u00edch<\/a><\/li>\n<\/ul>\n<h4>Ukon\u010den\u00e9 projekty:<\/h4>\n<ul>\n<li>2021\u20132023 <a href=\"https:\/\/www.ibot.cas.cz\/oddeleni-vegetacni-ekologie\/cs\/2023\/06\/14\/adaptace-vyhnuti-nebo-vyhynuti-propojeni-ekologie-spolecenstev-a-ekofyziologie-k-porozumeni-vlivu-vlhkostniho-deficitu-v-temperatnich-lesich\/\" target=\"_blank\" rel=\"noopener\">Adaptace, vyhnut\u00ed, nebo vyhynut\u00ed: propojen\u00ed ekologie spole\u010denstev a ekofyziologie k porozum\u011bn\u00ed vlivu vlhkostn\u00edho deficitu v temper\u00e1tn\u00edch les\u00edch<\/a><\/li>\n<li>2021\u20132023 <a href=\"https:\/\/www.ibot.cas.cz\/oddeleni-vegetacni-ekologie\/cs\/2023\/06\/14\/priciny-upadku-a-system-ucinne-obnovy-prioritnich-typu-stanovist-subalpinskych-travniku-sutr\/\" target=\"_blank\" rel=\"noopener\">P\u0159\u00ed\u010diny \u00fapadku a syst\u00e9m \u00fa\u010dinn\u00e9 obnovy prioritn\u00edch typ\u016f stanovi\u0161\u0165 subalp\u00ednsk\u00fdch tr\u00e1vn\u00edk\u016f<\/a><\/li>\n<li>2020\u20132022 <a href=\"https:\/\/www.ibot.cas.cz\/oddeleni-vegetacni-ekologie\/cs\/2023\/06\/19\/biodiverzita-historie-disturbanci-a-pudni-pamet-testovani-holocenni-kontinuity-druhove-bohatych-lesostepnich-ekosystemu\/\" target=\"_blank\" rel=\"noopener\">Biodiverzita, historie disturbanc\u00ed a p\u016fdn\u00ed pam\u011b\u0165: testov\u00e1n\u00ed holocenn\u00ed kontinuity druhov\u011b bohat\u00fdch lesostepn\u00edch ekosyst\u00e9m\u016f<\/a><\/li>\n<li>2019\u20132022 <a href=\"https:\/\/www.ibot.cas.cz\/oddeleni-vegetacni-ekologie\/cs\/2023\/06\/26\/uloha-milirist-z-hlediska-kulturniho-dedictvi-a-ochrany-krajiny\/\" target=\"_blank\" rel=\"noopener\">\u00daloha mil\u00ed\u0159i\u0161\u0165 z hlediska kulturn\u00edho d\u011bdictv\u00ed a ochrany krajiny<\/a><\/li>\n<li>2019\u20132022 <a href=\"https:\/\/www.ibot.cas.cz\/oddeleni-vegetacni-ekologie\/cs\/2023\/06\/26\/obnova-vymladkoveho-hospodareni-cesta-k-diverzifikaci-vyuziti-spolecenskeho-hospodarskeho-a-ekologickeho-potencialu-stredoevropskych-lesu\/\" target=\"_blank\" rel=\"noopener\">Obnova v\u00fdmladkov\u00e9ho hospoda\u0159en\u00ed: cesta k diverzifikaci vyu\u017eit\u00ed spole\u010densk\u00e9ho, hospod\u00e1\u0159sk\u00e9ho a ekologick\u00e9ho potenci\u00e1lu st\u0159edoevropsk\u00fdch les\u016f<\/a><\/li>\n<li>2019-2022 <a href=\"https:\/\/www.ibot.cas.cz\/oddeleni-vegetacni-ekologie\/cs\/2023\/06\/27\/zvyseni-biodiverzity-a-podpora-ekosystemovych-sluzeb-v-zemedelske-krajine-pomoci-alternativnich-zpusobu-hospodareni-na-loukach-a-pastvinach\/\" target=\"_blank\" rel=\"noopener\">Zv\u00fd\u0161en\u00ed biodiverzity a podpora ekosyst\u00e9mov\u00fdch slu\u017eeb v zem\u011bd\u011blsk\u00e9 krajin\u011b pomoc\u00ed alternativn\u00edch zp\u016fsob\u016f hospoda\u0159en\u00ed na louk\u00e1ch a pastvin\u00e1ch<\/a><\/li>\n<li>2019\u20132021 <a href=\"https:\/\/www.ibot.cas.cz\/oddeleni-vegetacni-ekologie\/cs\/2023\/06\/26\/land-use-socialni-zmeny-a-lesy-v-praveku-stredni-evropy-modelovaci-pristupy-k-interakcim-cloveka-a-zivotniho-prostredi\/\" target=\"_blank\" rel=\"noopener\">Land use, soci\u00e1ln\u00ed zm\u011bny a lesy v prav\u011bku st\u0159edn\u00ed Evropy. Modelovac\u00ed p\u0159\u00edstupy k interakc\u00edm \u010dlov\u011bka a \u017eivotn\u00edho prost\u0159ed\u00ed<\/a><\/li>\n<li>2019\u20132021 <a href=\"https:\/\/www.ibot.cas.cz\/oddeleni-vegetacni-ekologie\/cs\/2023\/06\/27\/aplikace-znalosti-o-dlouhodobem-vyvoji-lesa-v-lesnicke-praxi\/\" target=\"_blank\" rel=\"noopener\">Aplikace znalost\u00ed o dlouhodob\u00e9m v\u00fdvoji lesa v lesnick\u00e9 praxi<\/a><\/li>\n<li>2018\u20132020 <a href=\"https:\/\/www.ibot.cas.cz\/oddeleni-vegetacni-ekologie\/cs\/2023\/06\/27\/agrolesnictvi-sance-pro-regionalni-rozvoj-a-udrzitelnost-venkovske-krajiny\/\" target=\"_blank\" rel=\"noopener\">Agrolesnictv\u00ed \u2013 \u0161ance pro region\u00e1ln\u00ed rozvoj a udr\u017eitelnost venkovsk\u00e9 krajiny<\/a><\/li>\n<li>2017\u20132019 <a href=\"https:\/\/www.ibot.cas.cz\/oddeleni-vegetacni-ekologie\/cs\/2023\/06\/27\/clovek-jako-priroda-antropogenni-dedictvi-v-ekosystemech-temperatnich-lesu\/\" target=\"_blank\" rel=\"noopener\">\u010clov\u011bk jako p\u0159\u00edroda: antropogenn\u00ed d\u011bdictv\u00ed v ekosyst\u00e9mech temper\u00e1tn\u00edch les\u016f<\/a><\/li>\n<li>2017\u20132019 <a href=\"https:\/\/www.ibot.cas.cz\/oddeleni-vegetacni-ekologie\/cs\/2023\/06\/27\/skryte-aktivity-v-horskych-oblastech-archeologicky-a-paleoekologicky-vyzkum-na-sumave\/\" target=\"_blank\" rel=\"noopener\">Skryt\u00e9 aktivity v horsk\u00fdch oblastech. Archeologick\u00fd a paleoekologick\u00fd v\u00fdzkum na \u0160umav\u011b<\/a><\/li>\n<li>2016\u20132018 <a href=\"https:\/\/www.ibot.cas.cz\/oddeleni-vegetacni-ekologie\/cs\/2023\/07\/17\/puvod-diverzity-stredoevropske-krajiny\/\" target=\"_blank\" rel=\"noopener\">P\u016fvod diverzity st\u0159edoevropsk\u00e9 krajiny<\/a><\/li>\n<li>2015\u20132017 <a href=\"https:\/\/www.ibot.cas.cz\/oddeleni-vegetacni-ekologie\/cs\/2023\/07\/17\/vichrice-v-ceskych-zemich-za-poslednich-500-let\/\" target=\"_blank\" rel=\"noopener\">Vich\u0159ice v \u010desk\u00fdch zem\u00edch za posledn\u00edch 500 let<\/a><\/li>\n<li>2014\u20132016 <a href=\"https:\/\/www.ibot.cas.cz\/oddeleni-vegetacni-ekologie\/cs\/2023\/07\/17\/propojeni-monitoringu-prostredi-biologickych-procesu-a-hospodareni-v-rybnicich-pripadova-studie-zalozena-na-vyuziti-stabilniho-systemu-senzoru\/\" target=\"_blank\" rel=\"noopener\">Propojen\u00ed monitoringu prost\u0159ed\u00ed, biologick\u00fdch proces\u016f a hospoda\u0159en\u00ed v rybn\u00edc\u00edch: p\u0159\u00edpadov\u00e1 studie zalo\u017een\u00e1 na vyu\u017eit\u00ed stabiln\u00edho syst\u00e9mu senzor\u016f<\/a><\/li>\n<li>2012\u20132016 <a href=\"https:\/\/www.ibot.cas.cz\/oddeleni-vegetacni-ekologie\/cs\/2023\/07\/18\/dlouhodoba-dynamika-lesu-ve-stredni-evrope-od-odhadu-k-realistickemu-modelu\/\" target=\"_blank\" rel=\"noopener\">Dlouhodob\u00e1 dynamika les\u016f ve st\u0159edn\u00ed Evrop\u011b: od odhad\u016f k realistick\u00e9mu modelu<\/a><\/li>\n<li>2012\u20132015 <a href=\"https:\/\/www.ibot.cas.cz\/oddeleni-vegetacni-ekologie\/cs\/2023\/07\/18\/rekonstrukce-vegetace-na-zaklade-pylovych-dat-testovani-modelu-a-jeho-vyznam-pro-studium-holocennich-zmen-prostredi\/\">Rekonstrukce vegetace na z\u00e1klad\u011b pylov\u00fdch dat \u2013 testov\u00e1n\u00ed modelu a jeho v\u00fdznam pro studium holoc\u00e9nn\u00edch zm\u011bn prost\u0159ed\u00ed<\/a><\/li>\n<li>2012\u20132015 <a href=\"https:\/\/www.ibot.cas.cz\/oddeleni-vegetacni-ekologie\/cs\/2023\/07\/18\/role-pudni-banky-diaspor-jako-soucast-zivota-extremne-ekologicky-specializovanych-efemernich-mokradnich-druhu-rostlin\/\" target=\"_blank\" rel=\"noopener\">Role p\u016fdn\u00ed banky diaspor jako sou\u010d\u00e1st \u017eivota extr\u00e9mn\u011b ekologicky specializovan\u00fdch efem\u00e9rn\u00edch mok\u0159adn\u00edch druh\u016f rostlin<\/a><\/li>\n<li>2012\u20132015 <a href=\"https:\/\/www.ibot.cas.cz\/oddeleni-vegetacni-ekologie\/cs\/2023\/07\/18\/vymladkove-lesy-jako-produkcni-a-biologicka-alternativa-budoucnosti\/\" target=\"_blank\" rel=\"noopener\">V\u00fdmladkov\u00e9 lesy jako produk\u010dn\u00ed a biologick\u00e1 alternativa budoucnosti<\/a><\/li>\n<li>2012\u20132015 <a href=\"https:\/\/www.ibot.cas.cz\/oddeleni-vegetacni-ekologie\/cs\/2023\/07\/18\/implementace-vedy-a-vyzkumu-do-vyuky-opvk-msmt-2012-2015\/\" target=\"_blank\" rel=\"noopener\">Implementace v\u011bdy a v\u00fdzkumu do v\u00fduky<\/a><\/li>\n<li>2012\u20132013 <a href=\"https:\/\/www.ibot.cas.cz\/oddeleni-vegetacni-ekologie\/cs\/2023\/07\/19\/polyploidie-ekologicka-nika-a-demograficky-vyvoj-jednoleteho-mokradniho-rostlinneho-druhu-cyperus-fuscus\/\" target=\"_blank\" rel=\"noopener\">Polyploidie, ekologick\u00e1 nika a demografick\u00fd v\u00fdvoj jednolet\u00e9ho mok\u0159adn\u00edho rostlinn\u00e9ho druhu Cyperus fuscus<\/a><\/li>\n<li>2009\u20132011 <a href=\"https:\/\/www.muni.cz\/vyzkum\/projekty\/4742\" target=\"_blank\" rel=\"noopener noreferrer\">Vegetace \u010cesk\u00e9 republiky: dokon\u010den\u00ed n\u00e1rodn\u00edho p\u0159ehledu rostlinn\u00fdch spole\u010denstev<\/a><\/li>\n<li>2008\u20132012 <a href=\"https:\/\/www.ibot.cas.cz\/oddeleni-vegetacni-ekologie\/cs\/2023\/07\/19\/nizinne-lesy-v-perspektive-historickeho-vyvoje\/\" target=\"_blank\" rel=\"noopener\">N\u00ed\u017einn\u00e9 lesy v perspektiv\u011b historick\u00e9ho v\u00fdvoje<\/a><\/li>\n<li>2008\u20132012 <a href=\"https:\/\/www.muni.cz\/vyzkum\/projekty\/3584\" target=\"_blank\" rel=\"noopener noreferrer\">Sou\u010dasn\u00e9 a historick\u00e9 zm\u011bny na horsk\u00fdch ra\u0161elini\u0161t\u00edch Sudet<\/a><\/li>\n<\/ul>\n<p>&nbsp;<\/p>\n","protected":false},"excerpt":{"rendered":"<p>B\u011b\u017e\u00edc\u00ed projekty: 2022-2025 Vy\u0301voj efektivn\u00edch na\u0301stroj\u016f pro sledova\u0301n\u00ed a hodnocen\u00ed ekologicke\u0301ho stavu a ekosyste\u0301movy\u0301ch slu\u017eeb rybn\u00edk\u016f a pro zlep\u0161en\u00ed komunikace se stakeholdery 2021\u20132026 Centrum pro krajinu a biodiverzitu (DivLand) 2021\u20132024 Vyu\u017eit\u00ed tradi\u010dn\u00edch znalost\u00ed k zastaven\u00ed ztr\u00e1ty biologick\u00e9 rozmanitosti v les\u00edch Ukon\u010den\u00e9 projekty: 2021\u20132023 Adaptace, vyhnut\u00ed, nebo vyhynut\u00ed: propojen\u00ed ekologie spole\u010denstev a ekofyziologie k porozum\u011bn\u00ed vlivu [&hellip;]<\/p>\n","protected":false},"author":56,"featured_media":0,"parent":0,"menu_order":0,"comment_status":"closed","ping_status":"closed","template":"","meta":{"_acf_changed":false,"footnotes":"","_links_to":"","_links_to_target":""},"class_list":["post-5321","page","type-page","status-publish","hentry"],"acf":[],"_links":{"self":[{"href":"https:\/\/www.ibot.cas.cz\/oddeleni-vegetacni-ekologie\/wp-json\/wp\/v2\/pages\/5321","targetHints":{"allow":["GET"]}}],"collection":[{"href":"https:\/\/www.ibot.cas.cz\/oddeleni-vegetacni-ekologie\/wp-json\/wp\/v2\/pages"}],"about":[{"href":"https:\/\/www.ibot.cas.cz\/oddeleni-vegetacni-ekologie\/wp-json\/wp\/v2\/types\/page"}],"author":[{"embeddable":true,"href":"https:\/\/www.ibot.cas.cz\/oddeleni-vegetacni-ekologie\/wp-json\/wp\/v2\/users\/56"}],"replies":[{"embeddable":true,"href":"https:\/\/www.ibot.cas.cz\/oddeleni-vegetacni-ekologie\/wp-json\/wp\/v2\/comments?post=5321"}],"version-history":[{"count":38,"href":"https:\/\/www.ibot.cas.cz\/oddeleni-vegetacni-ekologie\/wp-json\/wp\/v2\/pages\/5321\/revisions"}],"predecessor-version":[{"id":5619,"href":"https:\/\/www.ibot.cas.cz\/oddeleni-vegetacni-ekologie\/wp-json\/wp\/v2\/pages\/5321\/revisions\/5619"}],"wp:attachment":[{"href":"https:\/\/www.ibot.cas.cz\/oddeleni-vegetacni-ekologie\/wp-json\/wp\/v2\/media?parent=5321"}],"curies":[{"name":"wp","href":"https:\/\/api.w.org\/{rel}","templated":true}]}}