{"id":5154,"date":"2023-05-04T12:02:57","date_gmt":"2023-05-04T10:02:57","guid":{"rendered":"https:\/\/www.ibot.cas.cz\/oddeleni-vegetacni-ekologie\/?page_id=5154"},"modified":"2023-05-04T12:02:57","modified_gmt":"2023-05-04T10:02:57","slug":"sbirky","status":"publish","type":"page","link":"https:\/\/www.ibot.cas.cz\/oddeleni-vegetacni-ekologie\/cs\/sbirky\/","title":{"rendered":"Sb\u00edrky"},"content":{"rendered":"<p><strong>b\u00edrka semen a plod\u016f<\/strong><\/p>\n<p>Sb\u00edrka semen a plod\u016f c\u00e9vnat\u00fdch rostlin zahrnuje p\u0159es 4000 vzork\u016f p\u0159edev\u0161\u00edm z\u00e1stupc\u016f st\u0159edoevropsk\u00e9 kv\u011bteny, ale i jin\u00fdch oblast\u00ed sv\u011bta. Sb\u00edrka byla budov\u00e1na na brn\u011bnsk\u00e9m pracovi\u0161ti Botanick\u00e9ho \u00fastavu AV \u010cR v posledn\u00edch 50 letech. V sou\u010dasn\u00e9 dob\u011b se sna\u017e\u00edme o jej\u00ed dal\u0161\u00ed rozvoj a vyu\u017eit\u00ed pro v\u011bdeck\u00e9 i jin\u00e9 \u00fa\u010dely.<\/p>\n<p>Sb\u00edrka slou\u017e\u00ed jako srovn\u00e1vac\u00ed materi\u00e1l pro determinaci materi\u00e1lu ze vzork\u016f p\u016fdy (\u017eiv\u00e1 semena, semenn\u00e1 banka) i fosiln\u00edch sediment\u016f (viz Datab\u00e1zi makrozbytk\u016f). C\u00edlem je rekonstrukce druhov\u00e9ho slo\u017een\u00ed vegetace z obou zdroj\u016f.<\/p>\n<p>Se sb\u00edrkou lze po dohod\u011b prezen\u010dn\u011b pracovat.<\/p>\n<p><b>Kontakt:<\/b> Mark\u00e9ta Chudomelov\u00e1<\/p>\n","protected":false},"excerpt":{"rendered":"<p>b\u00edrka semen a plod\u016f Sb\u00edrka semen a plod\u016f c\u00e9vnat\u00fdch rostlin zahrnuje p\u0159es 4000 vzork\u016f p\u0159edev\u0161\u00edm z\u00e1stupc\u016f st\u0159edoevropsk\u00e9 kv\u011bteny, ale i jin\u00fdch oblast\u00ed sv\u011bta. Sb\u00edrka byla budov\u00e1na na brn\u011bnsk\u00e9m pracovi\u0161ti Botanick\u00e9ho \u00fastavu AV \u010cR v posledn\u00edch 50 letech. V sou\u010dasn\u00e9 dob\u011b se sna\u017e\u00edme o jej\u00ed dal\u0161\u00ed rozvoj a vyu\u017eit\u00ed pro v\u011bdeck\u00e9 i jin\u00e9 \u00fa\u010dely. Sb\u00edrka slou\u017e\u00ed [&hellip;]<\/p>\n","protected":false},"author":24,"featured_media":0,"parent":0,"menu_order":0,"comment_status":"closed","ping_status":"closed","template":"","meta":{"_acf_changed":false,"footnotes":"","_links_to":"","_links_to_target":""},"class_list":["post-5154","page","type-page","status-publish","hentry"],"acf":[],"_links":{"self":[{"href":"https:\/\/www.ibot.cas.cz\/oddeleni-vegetacni-ekologie\/wp-json\/wp\/v2\/pages\/5154","targetHints":{"allow":["GET"]}}],"collection":[{"href":"https:\/\/www.ibot.cas.cz\/oddeleni-vegetacni-ekologie\/wp-json\/wp\/v2\/pages"}],"about":[{"href":"https:\/\/www.ibot.cas.cz\/oddeleni-vegetacni-ekologie\/wp-json\/wp\/v2\/types\/page"}],"author":[{"embeddable":true,"href":"https:\/\/www.ibot.cas.cz\/oddeleni-vegetacni-ekologie\/wp-json\/wp\/v2\/users\/24"}],"replies":[{"embeddable":true,"href":"https:\/\/www.ibot.cas.cz\/oddeleni-vegetacni-ekologie\/wp-json\/wp\/v2\/comments?post=5154"}],"version-history":[{"count":1,"href":"https:\/\/www.ibot.cas.cz\/oddeleni-vegetacni-ekologie\/wp-json\/wp\/v2\/pages\/5154\/revisions"}],"predecessor-version":[{"id":5155,"href":"https:\/\/www.ibot.cas.cz\/oddeleni-vegetacni-ekologie\/wp-json\/wp\/v2\/pages\/5154\/revisions\/5155"}],"wp:attachment":[{"href":"https:\/\/www.ibot.cas.cz\/oddeleni-vegetacni-ekologie\/wp-json\/wp\/v2\/media?parent=5154"}],"curies":[{"name":"wp","href":"https:\/\/api.w.org\/{rel}","templated":true}]}}