{"id":5150,"date":"2023-05-04T12:02:21","date_gmt":"2023-05-04T10:02:21","guid":{"rendered":"https:\/\/www.ibot.cas.cz\/oddeleni-vegetacni-ekologie\/?page_id=5150"},"modified":"2023-05-04T12:02:21","modified_gmt":"2023-05-04T10:02:21","slug":"discipliny","status":"publish","type":"page","link":"https:\/\/www.ibot.cas.cz\/oddeleni-vegetacni-ekologie\/cs\/discipliny\/","title":{"rendered":"Discipl\u00edny"},"content":{"rendered":"<p>Zab\u00fdv\u00e1me se \u0161iroce koncipovan\u00fdm v\u00fdzkumem vegetace s d\u016frazem na dlouhodob\u00fd v\u00fdvoj a interakci p\u0159\u00edrody s \u010dlov\u011bkem. Navazujeme na dlouhou tradici v\u00fdzkumu vegetace v Brn\u011b a rozv\u00edj\u00edme sm\u011bry nov\u00e9. V\u00fdsledky z\u00e1kladn\u00edho v\u00fdzkumu jsou ve spolupr\u00e1ci s p\u0159\u00edslu\u0161n\u00fdmi organizacemi aplikov\u00e1ny do hospoda\u0159en\u00ed s p\u0159\u00edrodn\u00edmi zdroji a v ochran\u011b p\u0159\u00edrody. Na\u0161i \u010dinnost je mo\u017en\u00e9 charakterizovat jako c\u00edlenou kombinaci t\u0159\u00ed obor\u016f:<\/p>\n<p><strong>Paleoekologie <\/strong>zkoum\u00e1 dlouhodob\u00fd v\u00fdvoj p\u0159\u00edrody. N\u00e1\u0161 \u010dasov\u00fd z\u00e1b\u011br je zhruba posledn\u00edch 10 tis\u00edc let (holoc\u00e9n) s p\u0159esahem do star\u0161\u00edch obdob\u00ed. V\u011bnujeme se hlavn\u011b paleoekologick\u00e9mu v\u00fdzkumu na \u00fazem\u00ed \u010cesk\u00e9 republiky a na Slovensku, ale tak\u00e9 nap\u0159\u00edklad a v Rusku. V\u00edce ne\u017e \u0161edes\u00e1tilet\u00e1 tradice paleoekologick\u00e9ho v\u00fdzkumu na na\u0161em pracovi\u0161ti je v sou\u010dasn\u00e9 dob\u011b kombinov\u00e1na s modern\u00edmi p\u0159\u00edstupy.<\/p>\n<p><strong>Historick\u00e1 ekologie<\/strong> se zam\u011b\u0159uje na \u010dlov\u011bka jako sou\u010d\u00e1st v\u00fdvoje p\u0159\u00edrody. V na\u0161em v\u00fdzkumu se zam\u011b\u0159ujeme na v\u00fdvoj v posledn\u00edch 1000 letech. Jako hlavn\u00ed zdroj informac\u00ed n\u00e1m slou\u017e\u00ed r\u016fzn\u00e9 typy archivn\u00edch materi\u00e1l\u016f, nap\u0159\u00edklad psan\u00e9 dokumenty nebo mapy. Tento typ v\u00fdzkumu kombinuje humanitn\u00ed p\u0159\u00edstup ke zkoum\u00e1n\u00ed dat s p\u0159\u00edrodov\u011bdn\u00fdmi metodami anal\u00fdzy a interpretace z\u00edskan\u00fdch v\u00fdsledk\u016f. Historick\u00fd v\u00fdzkum d\u00e1le propojujeme s archeologi\u00ed.<\/p>\n<p><strong>Vegeta\u010dn\u00ed ekologie<\/strong> v u\u017e\u0161\u00edm smyslu zkoum\u00e1 biodiverzitu a druhov\u00e9 slo\u017een\u00ed sou\u010dasn\u00fdch rostlinn\u00fdch spole\u010denstev a jejich ekologick\u00e9 determinanty. T\u011b\u017ei\u0161t\u011b na\u0161\u00ed \u010dinnosti je ve v\u00fdzkumu dopad\u016f glob\u00e1ln\u00ed zm\u011bny prost\u0159ed\u00ed na rostlinn\u00e1 spole\u010denstva a jednotliv\u00e9 druhy. Speci\u00e1ln\u00ed d\u016fraz klademe na vliv hospoda\u0159en\u00ed a aplikace do ochrany p\u0159\u00edrody. Geografick\u00fdm z\u00e1b\u011brem je Evropa s p\u0159esahem do tropick\u00fdch oblast\u00ed (dlouhodob\u011b nap\u0159\u00edklad Borneo).<\/p>\n","protected":false},"excerpt":{"rendered":"<p>Zab\u00fdv\u00e1me se \u0161iroce koncipovan\u00fdm v\u00fdzkumem vegetace s d\u016frazem na dlouhodob\u00fd v\u00fdvoj a interakci p\u0159\u00edrody s \u010dlov\u011bkem. Navazujeme na dlouhou tradici v\u00fdzkumu vegetace v Brn\u011b a rozv\u00edj\u00edme sm\u011bry nov\u00e9. V\u00fdsledky z\u00e1kladn\u00edho v\u00fdzkumu jsou ve spolupr\u00e1ci s p\u0159\u00edslu\u0161n\u00fdmi organizacemi aplikov\u00e1ny do hospoda\u0159en\u00ed s p\u0159\u00edrodn\u00edmi zdroji a v ochran\u011b p\u0159\u00edrody. Na\u0161i \u010dinnost je mo\u017en\u00e9 charakterizovat jako c\u00edlenou kombinaci [&hellip;]<\/p>\n","protected":false},"author":24,"featured_media":0,"parent":0,"menu_order":0,"comment_status":"closed","ping_status":"closed","template":"","meta":{"_acf_changed":false,"footnotes":"","_links_to":"","_links_to_target":""},"class_list":["post-5150","page","type-page","status-publish","hentry"],"acf":[],"_links":{"self":[{"href":"https:\/\/www.ibot.cas.cz\/oddeleni-vegetacni-ekologie\/wp-json\/wp\/v2\/pages\/5150","targetHints":{"allow":["GET"]}}],"collection":[{"href":"https:\/\/www.ibot.cas.cz\/oddeleni-vegetacni-ekologie\/wp-json\/wp\/v2\/pages"}],"about":[{"href":"https:\/\/www.ibot.cas.cz\/oddeleni-vegetacni-ekologie\/wp-json\/wp\/v2\/types\/page"}],"author":[{"embeddable":true,"href":"https:\/\/www.ibot.cas.cz\/oddeleni-vegetacni-ekologie\/wp-json\/wp\/v2\/users\/24"}],"replies":[{"embeddable":true,"href":"https:\/\/www.ibot.cas.cz\/oddeleni-vegetacni-ekologie\/wp-json\/wp\/v2\/comments?post=5150"}],"version-history":[{"count":1,"href":"https:\/\/www.ibot.cas.cz\/oddeleni-vegetacni-ekologie\/wp-json\/wp\/v2\/pages\/5150\/revisions"}],"predecessor-version":[{"id":5151,"href":"https:\/\/www.ibot.cas.cz\/oddeleni-vegetacni-ekologie\/wp-json\/wp\/v2\/pages\/5150\/revisions\/5151"}],"wp:attachment":[{"href":"https:\/\/www.ibot.cas.cz\/oddeleni-vegetacni-ekologie\/wp-json\/wp\/v2\/media?parent=5150"}],"curies":[{"name":"wp","href":"https:\/\/api.w.org\/{rel}","templated":true}]}}