{"id":5130,"date":"2023-05-04T11:49:48","date_gmt":"2023-05-04T09:49:48","guid":{"rendered":"https:\/\/www.ibot.cas.cz\/oddeleni-vegetacni-ekologie\/?page_id=5130"},"modified":"2023-10-30T15:11:01","modified_gmt":"2023-10-30T14:11:01","slug":"kontakty","status":"publish","type":"page","link":"https:\/\/www.ibot.cas.cz\/oddeleni-vegetacni-ekologie\/cs\/kontakty\/","title":{"rendered":"Kontakty"},"content":{"rendered":"<h4>Adresa:<\/h4>\n<p><span class=\"il\">Botanick\u00fd \u00fastav AV \u010cR, v.v.i.<\/span><br \/>\nOdd\u011blen\u00ed vegeta\u010dn\u00ed ekologie<br \/>\nLidick\u00e1 25\/27<br \/>\n602 00 Brno<\/p>\n<div class=\"place-name\">\n<h4>Kontakt:<\/h4>\n<ul>\n<li><a href=\"https:\/\/www.ibot.cas.cz\/oddeleni-vegetacni-ekologie\/cs\/?team=martina-sadilkova\" target=\"_blank\" rel=\"noopener\">Martina Sad\u00edlkov\u00e1<\/a>\n<ul>\n<li><a href=\"mailto:martina.sadilkova@ibot.cas.cz\" target=\"_blank\" rel=\"noopener noreferrer\">martina.sadilkova@ibot.cas.cz<\/a><\/li>\n<li>+420 541 126 231<\/li>\n<\/ul>\n<\/li>\n<li>Kontakty <span style=\"color: #000000\">na dal\u0161\u00ed pracovn\u00edky jsou k dispozici <a href=\"https:\/\/www.ibot.cas.cz\/oddeleni-vegetacni-ekologie\/cs\/?post_type=team\" target=\"_blank\" rel=\"noopener\"><strong>zde<\/strong><\/a><strong>.<\/strong><\/span><\/li>\n<\/ul>\n<\/div>\n<h4>Mapa pracovi\u0161t\u011b:<\/h4>\n","protected":false},"excerpt":{"rendered":"<p>Adresa: Botanick\u00fd \u00fastav AV \u010cR, v.v.i. Odd\u011blen\u00ed vegeta\u010dn\u00ed ekologie Lidick\u00e1 25\/27 602 00 Brno Kontakt: Martina Sad\u00edlkov\u00e1 martina.sadilkova@ibot.cas.cz +420 541 126 231 Kontakty na dal\u0161\u00ed pracovn\u00edky jsou k dispozici zde. Mapa pracovi\u0161t\u011b:<\/p>\n","protected":false},"author":24,"featured_media":0,"parent":0,"menu_order":0,"comment_status":"closed","ping_status":"closed","template":"","meta":{"_acf_changed":false,"footnotes":"","_links_to":"","_links_to_target":""},"class_list":["post-5130","page","type-page","status-publish","hentry"],"acf":[],"_links":{"self":[{"href":"https:\/\/www.ibot.cas.cz\/oddeleni-vegetacni-ekologie\/wp-json\/wp\/v2\/pages\/5130","targetHints":{"allow":["GET"]}}],"collection":[{"href":"https:\/\/www.ibot.cas.cz\/oddeleni-vegetacni-ekologie\/wp-json\/wp\/v2\/pages"}],"about":[{"href":"https:\/\/www.ibot.cas.cz\/oddeleni-vegetacni-ekologie\/wp-json\/wp\/v2\/types\/page"}],"author":[{"embeddable":true,"href":"https:\/\/www.ibot.cas.cz\/oddeleni-vegetacni-ekologie\/wp-json\/wp\/v2\/users\/24"}],"replies":[{"embeddable":true,"href":"https:\/\/www.ibot.cas.cz\/oddeleni-vegetacni-ekologie\/wp-json\/wp\/v2\/comments?post=5130"}],"version-history":[{"count":10,"href":"https:\/\/www.ibot.cas.cz\/oddeleni-vegetacni-ekologie\/wp-json\/wp\/v2\/pages\/5130\/revisions"}],"predecessor-version":[{"id":5594,"href":"https:\/\/www.ibot.cas.cz\/oddeleni-vegetacni-ekologie\/wp-json\/wp\/v2\/pages\/5130\/revisions\/5594"}],"wp:attachment":[{"href":"https:\/\/www.ibot.cas.cz\/oddeleni-vegetacni-ekologie\/wp-json\/wp\/v2\/media?parent=5130"}],"curies":[{"name":"wp","href":"https:\/\/api.w.org\/{rel}","templated":true}]}}