{"id":5114,"date":"2023-05-04T11:45:24","date_gmt":"2023-05-04T09:45:24","guid":{"rendered":"https:\/\/www.ibot.cas.cz\/oddeleni-vegetacni-ekologie\/?page_id=5114"},"modified":"2023-05-04T11:45:24","modified_gmt":"2023-05-04T09:45:24","slug":"databases","status":"publish","type":"page","link":"https:\/\/www.ibot.cas.cz\/oddeleni-vegetacni-ekologie\/en\/databases\/","title":{"rendered":"Databases"},"content":{"rendered":"<p><span style=\"font-weight: 400;\">Large databases are resulting from research projects. These resources are used for solving our research topics (see e.g. <a href=\"http:\/\/www.longwood.cz\" target=\"_blank\" rel=\"noopener\">Longwood<\/a>). Databases are structured following data type. We also own a collections of seeds and fruits.<\/span><\/p>\n<p>&nbsp;<\/p>\n<p><b><span class=\"collapseomatic \" id=\"id69e43cedc9bae\"  tabindex=\"0\" title=\"The database of vegetation plots in forest ecosystems\"    >The database of vegetation plots in forest ecosystems<\/span><div id=\"target-id69e43cedc9bae\" class=\"collapseomatic_content \"><\/b><\/p>\n<p><span style=\"font-weight: 400;\">The Database contains vegetation plots from forest ecosystems mainly from the Czech Republic. Plots are of three various types: resurveyed historical plots (about 4 thousand samples), permanent plots (600 plots) and experimental plots (about a thousand of samples). The databases are continuously extended and utilized in current and prepared research projects. Vegetation data are supplemented by environmental data including soil properties (see Soil database).<\/span><\/p>\n<p><span style=\"font-weight: 400;\"><\/div><\/span><\/p>\n<p><b><span class=\"collapseomatic \" id=\"id69e43cedc9c28\"  tabindex=\"0\" title=\"Historical database\"    >Historical database<\/span><div id=\"target-id69e43cedc9c28\" class=\"collapseomatic_content \"><\/b><\/p>\n<p><span style=\"font-weight: 400;\">The historical database contains 50 000 of archive records about the forest management and species composition and other aspects of the forest vegetation over the region of the historical Moravia and Silesia. For its comprehensiveness, it is a unique european database. The main data resources of the database were medieval charters, zemsk\u00e9 desky, urbaria, forestry management plans, forest maps, the Josephian and Stable cadastre and other archive materials providing information about the forests and forest management in the period from 11th to 19th century. The most of the used archival documents are deposited in the Moravian Provincial Archive in Brno. Historical sources have been appended by information found in the forestry literature. The database was created by the team of historians led by <a href=\"http:\/\/ekolbrno.ibot.cas.cz\/en\/zamestnanci\/mgr-peter-szabo-phd\/\">P. Szab\u00f3<\/a> during the ERC funded project <\/span><a href=\"http:\/\/longwood.cz\/\" target=\"_blank\" rel=\"noopener\"><span style=\"font-weight: 400;\">LONGWOOD<\/span><\/a><span style=\"font-weight: 400;\">.<\/span><\/p>\n<p><span style=\"font-weight: 400;\"><\/div><\/span><\/p>\n<p><b><span class=\"collapseomatic \" id=\"id69e43cedc9c51\"  tabindex=\"0\" title=\"Archaeological database\"    >Archaeological database<\/span><div id=\"target-id69e43cedc9c51\" class=\"collapseomatic_content \"><\/b><\/p>\n<p><span style=\"font-weight: 400;\">The archaeological database contains more than 19.000 records of human presence from Mesolithic up to the Early Medieval Period from Moravia. The archive of the Institute of Archaeology of the Czech Academy of Sciences, Brno, served as the main source of information, which was collected under the supervision of <a href=\"http:\/\/ekolbrno.ibot.cas.cz\/en\/zamestnanci\/mgr-jan-kolar\/\">J. Kol\u00e1\u0159<\/a> during the ERC funded project <\/span><a href=\"http:\/\/longwood.cz\/\" target=\"_blank\" rel=\"noopener\"><span style=\"font-weight: 400;\">LONGWOOD<\/span><\/a><span style=\"font-weight: 400;\">. <\/span><span style=\"font-weight: 400;\">Published archaeological data are partially added to the archival records. The dataset serves for quantified modeling of past human activities on different scales, which is used mostly in combination with palaeoecological and climatic models.<\/span><\/p>\n<p>References:<br \/>\nKol\u00e1\u0159, J., Tk\u00e1\u010d, P., Macek, M., Szab\u00f3, P., 2016. Archaeology and historical ecology: the archaeological database of the LONGWOOD ERC project. Arch\u00e4ologisches Korrespondenzblatt 46, 539\u2013554. <a href=\"https:\/\/doi.org\/10.11588\/ak.2016.4.74818\">https:\/\/doi.org\/10.11588\/ak.2016.4.74818<\/a><\/p>\n<p><span style=\"font-weight: 400;\"><\/div><\/span><\/p>\n<p><b><span class=\"collapseomatic \" id=\"id69e43cedc9cbd\"  tabindex=\"0\" title=\"Database of radiocarbon data from archaeological sites in the Czech Republic&lt;\/b&gt;&lt;b&gt;\"    >Database of radiocarbon data from archaeological sites in the Czech Republic<\/b><b><\/span><div id=\"target-id69e43cedc9cbd\" class=\"collapseomatic_content \"><\/b><\/p>\n<p>This dataset represents the largest and most comprehensive collection of radiocarbon data in the Czech Republic so far. In 2021, the database had 1579 dated samples from 357 sites from the Mesolithic to the Middle Ages (10.000 BC &#8211; 1.250 AD). The database takes the form of a simple table and is freely downloadable, as is the article describing it. The database will be updated once a year and the latest version will always be stored on ZENODO.<\/p>\n<p>Link to the database:<br \/>\n<a href=\"https:\/\/doi.org\/10.5281\/zenodo.5728242\">https:\/\/doi.org\/10.5281\/zenodo.5728242<\/a><\/p>\n<p>Link to the article:<br \/>\n<a href=\"https:\/\/openarchaeologydata.metajnl.com\/articles\/10.5334\/joad.85\/\">https:\/\/openarchaeologydata.metajnl.com\/articles\/10.5334\/joad.85\/<\/a><\/p>\n<p><b><span class=\"collapseomatic \" id=\"id69e43cedc9cf5\"  tabindex=\"0\" title=\"Soil database\"    >Soil database<\/span><\/b><\/p>\n<p><span style=\"font-weight: 400;\">The Soil database contains data from pedological analyses of several thousands of samples collected from plots in the forests of the Czech Republic. Samples are archived, analyzed and supplemented by new material. Pedological analyses are demanding on funding and analytic infrastructure. All costs were from the resources of the Institute of Botany, mostly grant projects.<\/div><\/span><\/p>\n<p><span style=\"font-weight: 400;\"><b><span class=\"collapseomatic \" id=\"id69e43cedc9d65\"  tabindex=\"0\" title=\"Seed and fruit collection\"    >Seed and fruit collection<\/span><div id=\"target-id69e43cedc9d65\" class=\"collapseomatic_content \"><\/b><\/span><\/p>\n<p><span style=\"font-weight: 400;\">The collection of seeds and fruits of vascular plants comprises over 4000 samples mainly of the central European species, but also from other parts of the World. The collection has been built on the Brno department of the Institute of Botany in the past fifty years. Currently we strive of further development and use of the collection for scientific and other purposes.<\/span><\/p>\n<p><span style=\"font-weight: 400;\">The collection serves as reference for determination of material from soil samples (living seeds; soil seed bank) as well as from fossil sediments (see the Database of macrorests). Our aim is reconstruction of species composition from both resources.<\/span><\/p>\n<p><span style=\"font-weight: 400;\">The collection is open for public use.<\/span><\/p>\n<p><span style=\"font-weight: 400;\"><strong>Contact:<\/strong> <a href=\"http:\/\/ekolbrno.ibot.cas.cz\/en\/zamestnanci\/mgr-marketa-chudomelova\/\">Mark\u00e9ta Chudomelov\u00e1<\/a><\/span><\/p>\n<p><span style=\"font-weight: 400;\"><\/div><\/span><\/p>\n","protected":false},"excerpt":{"rendered":"<p>Large databases are resulting from research projects. These resources are used for solving our research topics (see e.g. Longwood). Databases are structured following data type. We also own a collections of seeds and fruits. &nbsp;<\/p>\n","protected":false},"author":24,"featured_media":0,"parent":0,"menu_order":0,"comment_status":"closed","ping_status":"closed","template":"","meta":{"_acf_changed":false,"footnotes":"","_links_to":"","_links_to_target":""},"class_list":["post-5114","page","type-page","status-publish","hentry"],"acf":[],"_links":{"self":[{"href":"https:\/\/www.ibot.cas.cz\/oddeleni-vegetacni-ekologie\/wp-json\/wp\/v2\/pages\/5114","targetHints":{"allow":["GET"]}}],"collection":[{"href":"https:\/\/www.ibot.cas.cz\/oddeleni-vegetacni-ekologie\/wp-json\/wp\/v2\/pages"}],"about":[{"href":"https:\/\/www.ibot.cas.cz\/oddeleni-vegetacni-ekologie\/wp-json\/wp\/v2\/types\/page"}],"author":[{"embeddable":true,"href":"https:\/\/www.ibot.cas.cz\/oddeleni-vegetacni-ekologie\/wp-json\/wp\/v2\/users\/24"}],"replies":[{"embeddable":true,"href":"https:\/\/www.ibot.cas.cz\/oddeleni-vegetacni-ekologie\/wp-json\/wp\/v2\/comments?post=5114"}],"version-history":[{"count":1,"href":"https:\/\/www.ibot.cas.cz\/oddeleni-vegetacni-ekologie\/wp-json\/wp\/v2\/pages\/5114\/revisions"}],"predecessor-version":[{"id":5115,"href":"https:\/\/www.ibot.cas.cz\/oddeleni-vegetacni-ekologie\/wp-json\/wp\/v2\/pages\/5114\/revisions\/5115"}],"wp:attachment":[{"href":"https:\/\/www.ibot.cas.cz\/oddeleni-vegetacni-ekologie\/wp-json\/wp\/v2\/media?parent=5114"}],"curies":[{"name":"wp","href":"https:\/\/api.w.org\/{rel}","templated":true}]}}