{"id":4919,"date":"2023-03-24T11:20:15","date_gmt":"2023-03-24T10:20:15","guid":{"rendered":"https:\/\/www.ibot.cas.cz\/oddeleni-vegetacni-ekologie\/?page_id=4919"},"modified":"2023-07-25T13:36:32","modified_gmt":"2023-07-25T11:36:32","slug":"historie","status":"publish","type":"page","link":"https:\/\/www.ibot.cas.cz\/oddeleni-vegetacni-ekologie\/cs\/o-nas\/historie\/","title":{"rendered":"Historie"},"content":{"rendered":"<div id=\"attachment_5146\" style=\"width: 310px\" class=\"wp-caption alignleft\"><img loading=\"lazy\" decoding=\"async\" aria-describedby=\"caption-attachment-5146\" class=\"wp-image-5146 size-medium\" src=\"https:\/\/www.ibot.cas.cz\/oddeleni-vegetacni-ekologie\/wp-content\/uploads\/sites\/12\/2023\/05\/historie_1-300x200.jpg\" alt=\"\" width=\"300\" height=\"200\" srcset=\"https:\/\/www.ibot.cas.cz\/oddeleni-vegetacni-ekologie\/wp-content\/uploads\/sites\/12\/2023\/05\/historie_1-300x200.jpg 300w, https:\/\/www.ibot.cas.cz\/oddeleni-vegetacni-ekologie\/wp-content\/uploads\/sites\/12\/2023\/05\/historie_1-1024x683.jpg 1024w, https:\/\/www.ibot.cas.cz\/oddeleni-vegetacni-ekologie\/wp-content\/uploads\/sites\/12\/2023\/05\/historie_1-768x512.jpg 768w, https:\/\/www.ibot.cas.cz\/oddeleni-vegetacni-ekologie\/wp-content\/uploads\/sites\/12\/2023\/05\/historie_1.jpg 1093w\" sizes=\"auto, (max-width: 300px) 100vw, 300px\" \/><p id=\"caption-attachment-5146\" class=\"wp-caption-text\"><span style=\"font-size: 9pt\">Hydroponi\u00ed kultivace T\u0159ebo\u0148. Zleva S. Prat, D. Dykyjov\u00e1, J. Kv\u011bt, K. Fiala<\/span><\/p><\/div>\n<p>Po\u010d\u00e1tky brn\u011bnsk\u00e9ho pracovi\u0161t\u011b Botanick\u00e9ho \u00fastavu AV \u010cR spadaj\u00ed ji\u017e do pades\u00e1t\u00fdch let 20. stolet\u00ed, kdy byly v r\u00e1mci \u010ceskoslovensk\u00e9 akademie v\u011bd (\u010cSAV) zalo\u017eeny <strong>Geobotanick\u00e9 laborato\u0159e<\/strong> v\u00a0Pr\u016fhonic\u00edch (1954) a v\u00a0Brn\u011b (1955). Vedouc\u00edm brn\u011bnsk\u00e9 laborato\u0159e se stal Jan \u0160marda, bryolog, fytogeograf, geobotanik a mykocenolog. K\u00a01. lednu 1962 vznikl spojen\u00edm obou Geobotanick\u00fdch laborato\u0159\u00ed Botanick\u00fd \u00fastav \u010cSAV.<\/p>\n<p>Z\u00a0brn\u011bnsk\u00e9 laborato\u0159e se stalo <strong>Ekologick\u00e9 odd\u011blen\u00ed<\/strong>, jeho\u017e veden\u00ed se ujala Milena Rychnovsk\u00e1. V\u00a0n\u00e1sleduj\u00edc\u00edch letech zde p\u016fsobili p\u0159edev\u0161\u00edm Kamil Rybn\u00ed\u010dek, Eli\u0161ka Rybn\u00ed\u010dkov\u00e1, Emilie Bal\u00e1tov\u00e1, Blanka \u00dalehlov\u00e1 a Robert Neuh\u00e4usl. Cel\u00e1 skupina se v\u00fdznamn\u011b pod\u00edlela na geobotanick\u00e9m mapov\u00e1n\u00ed, jej\u00edm\u017e v\u00fdsledkem pozd\u011bji bylo vyd\u00e1n\u00ed Geobotanick\u00e9 mapy \u010cesk\u00fdch zem\u00ed.<\/p>\n<div id=\"attachment_5143\" style=\"width: 228px\" class=\"wp-caption alignright\"><img loading=\"lazy\" decoding=\"async\" aria-describedby=\"caption-attachment-5143\" class=\"wp-image-5143 size-medium\" src=\"https:\/\/www.ibot.cas.cz\/oddeleni-vegetacni-ekologie\/wp-content\/uploads\/sites\/12\/2023\/05\/Historie_2-218x300.jpg\" alt=\"\" width=\"218\" height=\"300\" srcset=\"https:\/\/www.ibot.cas.cz\/oddeleni-vegetacni-ekologie\/wp-content\/uploads\/sites\/12\/2023\/05\/Historie_2-218x300.jpg 218w, https:\/\/www.ibot.cas.cz\/oddeleni-vegetacni-ekologie\/wp-content\/uploads\/sites\/12\/2023\/05\/Historie_2.jpg 667w\" sizes=\"auto, (max-width: 218px) 100vw, 218px\" \/><p id=\"caption-attachment-5143\" class=\"wp-caption-text\"><span style=\"font-size: 9pt\">Kameni\u010dky, \u010cMV. Zleva K. Fiala, B. Pet\u0159\u00edk, H. Gloser <\/span><\/p><\/div>\n<p>Ekologick\u00e9 odd\u011blen\u00ed v\u00a0Brn\u011b se profilovalo dv\u011bma sm\u011bry. <strong>Ekologick\u00e1 skupina<\/strong> pracovala pod veden\u00edm Mileny Rychnovsk\u00e9 na v\u00fdzkumu ekofyziologie na modelu kavyl\u016f a kost\u0159av, dopln\u011bnou o studium mikrobi\u00e1ln\u00ed \u010dinnosti (Blanka \u00dalehlov\u00e1) a navazuj\u00edc\u00ed studium fungov\u00e1n\u00ed ekosyst\u00e9m\u016f aluvi\u00e1ln\u00edch luk u Lan\u017ehota. Prob\u00edhalo tak\u00e9 synekologick\u00e9 studium jihomoravsk\u00fdch aluvi\u00e1ln\u00edch luk (Emilie Bal\u00e1tov\u00e1) a komplexn\u00ed studium jihomoravsk\u00fdch mok\u0159ad\u016f (Jan Kv\u011bt).<\/p>\n<p>Na tento v\u00fdzkum nav\u00e1zal pak v\u00a0sedmdes\u00e1t\u00fdch letech projekt \u201eKameni\u010dky\u201c, za\u010dlen\u011bn\u00fd do mezin\u00e1rodn\u00edho programu <a href=\"https:\/\/www.enviwiki.cz\/wiki\/Program_OSN_%C4%8Clov%C4%9Bk_a_biosf%C3%A9ra\">\u010clov\u011bk a biosf\u00e9ra<\/a>. V\u00a0r\u00e1mci tohoto projektu byla studov\u00e1na struktura, produk\u010dn\u00ed procesy a kolob\u011bh uhl\u00edku a dus\u00edku v\u00a0podhorsk\u00e9 louce na \u010ceskomoravsk\u00e9 vyso\u010din\u011b, kter\u00e1 byla obhospoda\u0159ov\u00e1v\u00e1na r\u016fzn\u00fdmi typy managementu. Na v\u00fdzkumu se tak\u00e9 v\u00fdznamn\u011b pod\u00edleli p\u0159edev\u0161\u00edm Jan Gloser, Jana Jaklov\u00e1, Karel Fiala, Marta Tesa\u0159ov\u00e1 a Pavel \u0160m\u00edd. Krom\u011b toho se skupina v\u011bnovala v\u00fdvoji nov\u00fdch laboratorn\u00edch a ter\u00e9nn\u00edch metod pro ekologick\u00fd v\u00fdzkum (viz M. Rychnovsk\u00e1 a kol., Metody studia travinn\u00fdch ekosyst\u00e9m\u016f, Academia, 1987).<\/p>\n<div id=\"attachment_5147\" style=\"width: 310px\" class=\"wp-caption alignright\"><img loading=\"lazy\" decoding=\"async\" aria-describedby=\"caption-attachment-5147\" class=\"wp-image-5147 size-medium\" src=\"https:\/\/www.ibot.cas.cz\/oddeleni-vegetacni-ekologie\/wp-content\/uploads\/sites\/12\/2023\/05\/historie_3-300x225.jpg\" alt=\"\" width=\"300\" height=\"225\" srcset=\"https:\/\/www.ibot.cas.cz\/oddeleni-vegetacni-ekologie\/wp-content\/uploads\/sites\/12\/2023\/05\/historie_3-300x225.jpg 300w, https:\/\/www.ibot.cas.cz\/oddeleni-vegetacni-ekologie\/wp-content\/uploads\/sites\/12\/2023\/05\/historie_3-768x577.jpg 768w, https:\/\/www.ibot.cas.cz\/oddeleni-vegetacni-ekologie\/wp-content\/uploads\/sites\/12\/2023\/05\/historie_3.jpg 942w\" sizes=\"auto, (max-width: 300px) 100vw, 300px\" \/><p id=\"caption-attachment-5147\" class=\"wp-caption-text\"><span style=\"font-size: 9pt\">Ji\u017en\u00ed \u010cechy, Novo\u0159eck\u00e1 Ba\u0161ta. Zleva J. Kv\u011bt, S. Hejn\u00fd, K. Fiala <\/span><\/p><\/div>\n<p>Druh\u00fd sm\u011br se definoval jako Palynologick\u00e1, pozd\u011bji <strong>Paleoekologick\u00e1 skupina<\/strong>, kterou vedla Eli\u0161ka Rybn\u00ed\u010dkov\u00e1. D\u00e1le zde p\u016fsobili <a href=\"https:\/\/www.ibot.cas.cz\/oddeleni-vegetacni-ekologie\/cs\/?team=kamil-rybnicek\" target=\"_blank\" rel=\"noopener\">Kamil Rybn\u00ed\u010dek<\/a>, <a href=\"https:\/\/www.ibot.cas.cz\/oddeleni-vegetacni-ekologie\/cs\/?team=vlasta-jankovska\" target=\"_blank\" rel=\"noopener\">Vlasta Jankovsk\u00e1<\/a>, <a href=\"https:\/\/www.ibot.cas.cz\/oddeleni-vegetacni-ekologie\/cs\/?team=helena-svitavska-svobodova\" target=\"_blank\" rel=\"noopener\">Helena Svobodov\u00e1<\/a> \u010di Marie Peichlov\u00e1. Skupina byla zam\u011b\u0159ena na studium v\u00fdvoje vegetace v\u00a0postglaci\u00e1lu na cel\u00e9m \u00fazem\u00ed b\u00fdval\u00e9ho \u010ceskoslovenska. Mezi zkouman\u00fdmi \u00fazem\u00edmi byla \u010ceskomoravsk\u00e1 vrchovina, ji\u017en\u00ed \u010cechy, Kru\u0161n\u00e9 hory, Krkono\u0161e, Jesen\u00edky, Jizersk\u00e9 hory, Rakovnicko, ji\u017en\u00ed Morava, Horn\u00ed Orava, Vysok\u00e9 Tatry a podtatransk\u00e9 kotliny. V\u00fdzkum byl \u010dasto napojen na problematiku \u0159e\u0161enou v <a href=\"http:\/\/www.ibot.cas.cz\/oddeleni_geobotaniky\">Geobotanick\u00e9m odd\u011blen\u00ed Botanick\u00e9ho \u00fastavu v\u00a0Pr\u016fhonic\u00edch<\/a>. V\u00fdsledky b\u00e1d\u00e1n\u00ed byly kni\u017en\u00ed publikace v\u00a0r\u00e1mci Vegetace \u010cSSR, paleogeobotanick\u00e9 mapy \u010cesk\u00fdch zem\u00ed (prvn\u00ed sv\u00e9ho druhu u n\u00e1s, popisuj\u00edc\u00ed \u0161\u00ed\u0159en\u00ed d\u0159evin na na\u0161em \u00fazem\u00ed v\u00a0r\u016fzn\u00fdch historic\u00edch obdob\u00edch) a \u0159ada \u010dl\u00e1nk\u016f v\u00a0odborn\u00fdch periodik\u00e1ch.<\/p>\n<div id=\"attachment_5145\" style=\"width: 310px\" class=\"wp-caption alignleft\"><img loading=\"lazy\" decoding=\"async\" aria-describedby=\"caption-attachment-5145\" class=\"wp-image-5145 size-medium\" src=\"https:\/\/www.ibot.cas.cz\/oddeleni-vegetacni-ekologie\/wp-content\/uploads\/sites\/12\/2023\/05\/historie_4-300x206.jpg\" alt=\"\" width=\"300\" height=\"206\" srcset=\"https:\/\/www.ibot.cas.cz\/oddeleni-vegetacni-ekologie\/wp-content\/uploads\/sites\/12\/2023\/05\/historie_4-300x206.jpg 300w, https:\/\/www.ibot.cas.cz\/oddeleni-vegetacni-ekologie\/wp-content\/uploads\/sites\/12\/2023\/05\/historie_4-1024x704.jpg 1024w, https:\/\/www.ibot.cas.cz\/oddeleni-vegetacni-ekologie\/wp-content\/uploads\/sites\/12\/2023\/05\/historie_4-768x528.jpg 768w, https:\/\/www.ibot.cas.cz\/oddeleni-vegetacni-ekologie\/wp-content\/uploads\/sites\/12\/2023\/05\/historie_4.jpg 1296w\" sizes=\"auto, (max-width: 300px) 100vw, 300px\" \/><p id=\"caption-attachment-5145\" class=\"wp-caption-text\"><span style=\"font-size: 9pt\">Ji\u017en\u00ed \u010cechy, Novo\u0159eck\u00e1 Ba\u0161ta. Zleva M.Tesa\u0159ov\u00e1, S. Hejn\u00fd, K. Fiala, R. Kv\u011btov\u00e1, O. Hejn\u00e1, E. Rejm\u00e1nkov\u00e1, B. \u00dalehlov\u00e1, J. Kv\u011bt<\/span><\/p><\/div>\n<p>V\u00a0roce 1983 bylo Ekologick\u00e9 odd\u011blen\u00ed za\u010dlen\u011bno do nov\u011b vytvo\u0159en\u00e9ho <strong>\u00dastavu experiment\u00e1ln\u00ed fytotechniky<\/strong>. Struktura \u00fastavu a jeho v\u011bdeck\u00e1 koncepce byla do zna\u010dn\u00e9 m\u00edry d\u00e1na osobn\u00edmi ambicemi veden\u00ed \u00fastavu a politick\u00fdmi rozhodnut\u00edmi. Polovina osmdes\u00e1t\u00fdch let tak p\u0159edstavovala ur\u010ditou stagnaci v\u00a0ter\u00e9nn\u00edch v\u00fdzkumn\u00fdch aktivit\u00e1ch. V\u00a0dal\u0161\u00edch letech se nicm\u00e9n\u011b poda\u0159ilo vydat n\u011bkolik kni\u017en\u00edch publikac\u00ed shrnuj\u00edc\u00edch p\u0159edchoz\u00ed v\u00fdzkum. Za v\u0161echny zmi\u0148me knihu Ekologie lu\u010dn\u00edch porost\u016f (Academia, 1985), kter\u00e1 je prvn\u00edm ucelen\u00fdm d\u00edlem pojedn\u00e1vaj\u00edc\u00edm o louk\u00e1ch z\u00a0komplexn\u00edho ekosyst\u00e9mov\u00e9ho a synekologick\u00e9ho hlediska. Pro svou kvalitu byly tyto v\u00fdsledky zahrnuty i do sv\u011btov\u00fdch synt\u00e9z t\u00fdkaj\u00edc\u00edch se temper\u00e1tn\u00edch luk.<\/p>\n<p>Dal\u0161\u00ed zm\u011bny organiza\u010dn\u00ed a v\u011bdn\u00ed koncepce nastaly v\u00a0roce 1987, kdy spojen\u00edm \u00dastavu experiment\u00e1ln\u00ed fytotechniky \u010cSAV a \u00dastavu pro v\u00fdzkum obratlovc\u016f \u010cSAV vznik\u00e1 multidisciplin\u00e1rn\u00ed, \u0161iroce koncipovan\u00fd <strong>\u00dastav systematick\u00e9 a ekologick\u00e9 biologie \u010cSAV<\/strong>. Jeho sou\u010d\u00e1st\u00ed bylo <strong>Odd\u011blen\u00ed travinn\u00fdch ekosyst\u00e9m\u016f<\/strong>. Tento \u00fastav byl nicm\u00e9n\u011b ji\u017e v\u00a0roce 1993 op\u011bt slou\u010den s <strong>\u00dastavem krajinn\u00e9 ekologie AV \u010cR<\/strong> se s\u00eddlem v\u00a0Brn\u011b (\u0159editel M. Pe\u0148\u00e1z) do stejnojmenn\u00e9 instituce.<\/p>\n<p>Zat\u00edmco se skupina zab\u00fdvaj\u00edc\u00ed se v\u00fdzkumem travinn\u00fdch ekosyst\u00e9m\u016f za\u010dlenila do nov\u011b vznikl\u00e9ho \u00fastavu, pracovn\u00edci paleoekologick\u00e9 skupiny byli\u00a0za\u010dlen\u011bni op\u011bt do <strong>Botanick\u00e9ho \u00fastavu AV \u010cR<\/strong> se s\u00eddlem v\u00a0Pr\u016fhonic\u00edch. Organiza\u010dn\u011b t\u011b\u017ekop\u00e1dn\u00fd \u00dastav ekologie krajiny byl v\u0161ak o p\u011bt let pozd\u011bji znovu reorganizov\u00e1n. Odd\u011blen\u00ed travinn\u00fdch ekosyst\u00e9m\u016f p\u0159i\u0161lo zp\u011bt do Botanick\u00e9ho \u00fastavu a znovuspojen\u00edm s\u00a0paleoekologickou skupinou vytvo\u0159ilo <strong>Odd\u011blen\u00ed ekologie Brno<\/strong>. To bylo v\u00a0roce 2009 p\u0159ejmenov\u00e1no na <strong>Odd\u011blen\u00ed vegeta\u010dn\u00ed ekologie<\/strong>, co\u017e souhrnn\u011b vyjad\u0159uje historickou kontinuitu a sou\u010dasn\u00e9 zam\u011b\u0159en\u00ed pracovi\u0161t\u011b. Od roku 2017 se z\u00a0odd\u011blen\u00ed vy\u010dlenila <strong>Paleoekologick\u00e1 laborato\u0159<\/strong>, kter\u00e1 m\u00e1 za c\u00edl d\u00e1le rozv\u00edjet v\u00fdzkum prehistorie vegetace.<\/p>\n<p><b>Posledn\u00ed dv\u011b desetilet\u00ed<\/b><\/p>\n<div id=\"attachment_5148\" style=\"width: 310px\" class=\"wp-caption alignright\"><img loading=\"lazy\" decoding=\"async\" aria-describedby=\"caption-attachment-5148\" class=\"wp-image-5148 size-medium\" src=\"https:\/\/www.ibot.cas.cz\/oddeleni-vegetacni-ekologie\/wp-content\/uploads\/sites\/12\/2023\/05\/Historie_5-300x198.jpg\" alt=\"\" width=\"300\" height=\"198\" srcset=\"https:\/\/www.ibot.cas.cz\/oddeleni-vegetacni-ekologie\/wp-content\/uploads\/sites\/12\/2023\/05\/Historie_5-300x198.jpg 300w, https:\/\/www.ibot.cas.cz\/oddeleni-vegetacni-ekologie\/wp-content\/uploads\/sites\/12\/2023\/05\/Historie_5-1024x675.jpg 1024w, https:\/\/www.ibot.cas.cz\/oddeleni-vegetacni-ekologie\/wp-content\/uploads\/sites\/12\/2023\/05\/Historie_5-768x506.jpg 768w, https:\/\/www.ibot.cas.cz\/oddeleni-vegetacni-ekologie\/wp-content\/uploads\/sites\/12\/2023\/05\/Historie_5.jpg 1179w\" sizes=\"auto, (max-width: 300px) 100vw, 300px\" \/><p id=\"caption-attachment-5148\" class=\"wp-caption-text\"><span style=\"font-size: 9pt\">Beskydy, B\u00edl\u00e1 Ostravice. Zleva P. Holub, K. Fiala, J. Jakrlov\u00e1, I. T\u016fma <\/span><\/p><\/div>\n<p>Od za\u010d\u00e1tku devades\u00e1t\u00fdch let, kdy byla \u010ceskoslovensk\u00e1 akademie v\u011bd transformov\u00e1na v\u00a0Akademii v\u011bd \u010cesk\u00e9 republiky, je zam\u011b\u0159en\u00ed v\u00fdzkumu ur\u010dov\u00e1no \u00fasp\u011b\u0161n\u00fdmi n\u00e1vrhy grantov\u00fdch projekt\u016f. T\u0159i t\u0159\u00edlet\u00e9 projekty (<a href=\"..\/My%20Documents\/Downloads\/index.php\/cs\/projekty\/52-changes-in-structure.html\">1<\/a>, <a href=\"..\/My%20Documents\/Downloads\/index.php\/cs\/projekty\/53-grass-vegetation.html\">2<\/a>, <a href=\"..\/My%20Documents\/Downloads\/index.php\/cs\/projekty\/50-accumulation-and-losses.html\">3<\/a>) byly zam\u011b\u0159eny na studium fungov\u00e1n\u00ed travinn\u00fdch ekosyst\u00e9m\u016f a jejich \u00falohy na odlesn\u011bn\u00fdch ploch\u00e1ch po imisn\u00edch kalamit\u00e1ch. Poda\u0159ilo se stanovit pozitivn\u00ed vliv travinn\u00fdch porost\u016f na redukci kysel\u00e9ho p\u016fdn\u00edho prost\u0159ed\u00ed a vyplavov\u00e1n\u00ed \u017eivin dan\u00e9 kysel\u00fdmi depozicemi. <a href=\"..\/My%20Documents\/Downloads\/index.php\/cs\/projekty\/43-fern-vegetation.html\">Studium vztah\u016f mezi porosty kapradin a p\u016fdou<\/a> p\u0159isp\u00edv\u00e1 k\u00a0pozn\u00e1n\u00ed \u00falohy kapradin na odlesn\u011bn\u00fdch ploch\u00e1ch. Dal\u0161\u00ed t\u0159i grantov\u00e9 projekty p\u0159isp\u011bly k\u00a0pozn\u00e1n\u00ed p\u0159\u00ed\u010din a d\u016fsledk\u016f expanze dlouhost\u00e9beln\u00fdch trav do lu\u010dn\u00edch spole\u010denstev.<\/p>\n<p>Paleoekologick\u00e1 pracovn\u00ed skupina nav\u00e1zala na dosavadn\u00ed v\u00fdzkumy v\u00a0grantov\u00fdch projektech <a href=\"http:\/\/www.isvav.cz\/projectDetail.do?rowId=GA206%2F93%2F1185\">Srovn\u00e1vac\u00ed studie o v\u00fdvoji vegetace a p\u0159\u00edrodn\u00edho prost\u0159ed\u00ed \u010cesk\u00e9ho masivu a Karpat<\/a>\u00a0a zejm\u00e9na <a href=\"http:\/\/www.isvav.cz\/projectDetail.do?rowId=GA206%2F96%2F0531\">Synt\u00e9za dosavadn\u00edch studi\u00ed o historii vegetace \u010cR a SR<\/a>. V\u00a0letech 1999\u20132004 koordinovala tato skupina \u0161iroce pojat\u00fd multidisciplin\u00e1rn\u00ed projekt <a href=\"http:\/\/www.isvav.cz\/projectDetail.do?rowId=GA206%2F99%2F1240\">Svahov\u00e1 prameni\u0161t\u011b moravsko-slovensk\u00e9ho pomez\u00ed<\/a>, na kter\u00e9m se pod\u00edlela pracovi\u0161t\u011b univerzit v Brn\u011b a Olomouci.<\/p>\n<p>P\u0159ibli\u017en\u011b od roku 2005 se postupn\u011b zv\u011bt\u0161oval d\u016fraz na v\u00fdzkum diverzity vegetace a od roku 2008 d\u00edky p\u011btilet\u00e9mu grantov\u00e9mu projektu <a href=\"http:\/\/ekolbrno.ibot.cas.cz\/?page_id=171\">N\u00ed\u017einn\u00e9 lesy v\u00a0perspektiv\u011b historick\u00e9ho v\u00fdvoje<\/a>\u00a0 na v\u00fdzkum historie interakce \u010dlov\u011bka vegetace. Prvn\u00ed zam\u011b\u0159en\u00ed vy\u00fastilo ve spoluautorstv\u00ed pracovn\u00edk\u016f odd\u011blen\u00ed na \u010dty\u0159d\u00edln\u00e9 monografii <a href=\"http:\/\/www.sci.muni.cz\/botany\/vegsci\/vegetace.php?page=monograph&amp;lang=cz\">Vegetace \u010cesk\u00e9 republiky<\/a>, jej\u00ed\u017e zpracov\u00e1n\u00ed a publikace byly podpo\u0159eny granty GA \u010cR. Posledn\u00ed z\u00a0nich z\u00edskal v\u00a0roce 2012 Cenu p\u0159edsedy Grantov\u00e9 agentury \u010cR. Zam\u011b\u0159en\u00ed na historickou ekologii p\u0159ineslo z\u00edsk\u00e1n\u00ed grantov\u00e9 podpory European Research Council na projekt <a href=\"http:\/\/ekolbrno.ibot.cas.cz\/?page_id=234\">Dlouhodob\u00e1 dynamika les\u016f ve st\u0159edn\u00ed Evrop\u011b: od odhad\u016f k realistick\u00e9mu modelu<\/a>\u00a0 (2012\u20132016).<\/p>\n<p><strong>Um\u00edst\u011bn\u00ed pracovi\u0161t\u011b<\/strong><\/p>\n<p>Za t\u00e9m\u011b\u0159 \u0161est desetilet\u00ed sv\u00e9 existence za\u017eilo brn\u011bnsk\u00e9 pracovi\u0161t\u011b pouze jedno del\u0161\u00ed obdob\u00ed stabiln\u00edho um\u00edst\u011bn\u00ed. T\u0159icet let (1961\u20131991) s\u00eddlilo na adrese Star\u00e1 18.<\/p>\n<ul>\n<li>1956\u20131961 \u00a0 \u00a0 Kotl\u00e1\u0159sk\u00e1 2, na kated\u0159e botaniky P\u0159F Masarykovy univerzity v Brn\u011b; paraleln\u011b tak\u00e9 v letech 1958\u20131961 na Gork\u00e9ho 43<\/li>\n<li>1961\u20131991\u00a0 \u00a0 \u00a0Star\u00e1 18<\/li>\n<li>1991\u20131993 \u00a0 \u00a0 Kounicova 42<\/li>\n<li>1993\u20132010\u00a0 \u00a0 Po\u0159\u00ed\u010d\u00ed 3b (n\u00e1jem u \u00dastavu ekologie krajiny, pozd\u011bji \u00dastavu syst\u00e9mov\u00e9 biologie a ekologie; pot\u00e9 Centrum v\u00fdzkumu glob\u00e1ln\u00ed zm\u011bny; dnes \u00dastav v\u00fdzkumu glob\u00e1ln\u00ed zm\u011bny, v\u0161e AV \u010cR)<\/li>\n<li>2010\u2013dosud \u00a0 Lidick\u00e1 25\/27 (n\u00e1jem u V\u00fdzkumn\u00e9ho \u00fastavu Silva Taroucy pro krajinu a okrasn\u00e9 zahradnictv\u00ed, v. v. i.)<\/li>\n<\/ul>\n","protected":false},"excerpt":{"rendered":"<p>Po\u010d\u00e1tky brn\u011bnsk\u00e9ho pracovi\u0161t\u011b Botanick\u00e9ho \u00fastavu AV \u010cR spadaj\u00ed ji\u017e do pades\u00e1t\u00fdch let 20. stolet\u00ed, kdy byly v r\u00e1mci \u010ceskoslovensk\u00e9 akademie v\u011bd (\u010cSAV) zalo\u017eeny Geobotanick\u00e9 laborato\u0159e v\u00a0Pr\u016fhonic\u00edch (1954) a v\u00a0Brn\u011b (1955). Vedouc\u00edm brn\u011bnsk\u00e9 laborato\u0159e se stal Jan \u0160marda, bryolog, fytogeograf, geobotanik a mykocenolog. K\u00a01. lednu 1962 vznikl spojen\u00edm obou Geobotanick\u00fdch laborato\u0159\u00ed Botanick\u00fd \u00fastav \u010cSAV. Z\u00a0brn\u011bnsk\u00e9 laborato\u0159e [&hellip;]<\/p>\n","protected":false},"author":24,"featured_media":0,"parent":4915,"menu_order":0,"comment_status":"closed","ping_status":"closed","template":"","meta":{"_acf_changed":false,"footnotes":"","_links_to":"","_links_to_target":""},"class_list":["post-4919","page","type-page","status-publish","hentry"],"acf":[],"_links":{"self":[{"href":"https:\/\/www.ibot.cas.cz\/oddeleni-vegetacni-ekologie\/wp-json\/wp\/v2\/pages\/4919","targetHints":{"allow":["GET"]}}],"collection":[{"href":"https:\/\/www.ibot.cas.cz\/oddeleni-vegetacni-ekologie\/wp-json\/wp\/v2\/pages"}],"about":[{"href":"https:\/\/www.ibot.cas.cz\/oddeleni-vegetacni-ekologie\/wp-json\/wp\/v2\/types\/page"}],"author":[{"embeddable":true,"href":"https:\/\/www.ibot.cas.cz\/oddeleni-vegetacni-ekologie\/wp-json\/wp\/v2\/users\/24"}],"replies":[{"embeddable":true,"href":"https:\/\/www.ibot.cas.cz\/oddeleni-vegetacni-ekologie\/wp-json\/wp\/v2\/comments?post=4919"}],"version-history":[{"count":20,"href":"https:\/\/www.ibot.cas.cz\/oddeleni-vegetacni-ekologie\/wp-json\/wp\/v2\/pages\/4919\/revisions"}],"predecessor-version":[{"id":5579,"href":"https:\/\/www.ibot.cas.cz\/oddeleni-vegetacni-ekologie\/wp-json\/wp\/v2\/pages\/4919\/revisions\/5579"}],"up":[{"embeddable":true,"href":"https:\/\/www.ibot.cas.cz\/oddeleni-vegetacni-ekologie\/wp-json\/wp\/v2\/pages\/4915"}],"wp:attachment":[{"href":"https:\/\/www.ibot.cas.cz\/oddeleni-vegetacni-ekologie\/wp-json\/wp\/v2\/media?parent=4919"}],"curies":[{"name":"wp","href":"https:\/\/api.w.org\/{rel}","templated":true}]}}