{"id":655,"date":"2019-07-25T12:25:32","date_gmt":"2019-07-25T10:25:32","guid":{"rendered":"https:\/\/www.ibot.cas.cz\/oddeleni-evolucni-biologie-rostlin\/?page_id=655"},"modified":"2019-07-25T12:25:32","modified_gmt":"2019-07-25T10:25:32","slug":"projekty","status":"publish","type":"page","link":"https:\/\/www.ibot.cas.cz\/oddeleni-evolucni-biologie-rostlin\/?page_id=655&lang=cs","title":{"rendered":"Projekty"},"content":{"rendered":"<h5><a href=\"https:\/\/www.ibot.cas.cz\/cs\/vedecka-cinnost\/seznam-projektu\/?tx=&amp;yr=&amp;de=44&amp;pe=&amp;tp=\" target=\"_blank\" rel=\"noopener noreferrer\">Projekty od roku 2017<\/a><\/h5>\n<h5><a href=\"https:\/\/www.ibot.cas.cz\/cs\/vedecka-cinnost\/seznam-projektu\/?tx=&amp;yr=&amp;de=25&amp;pe=&amp;tp=\" target=\"_blank\" rel=\"noopener noreferrer\">Projekty Odd\u011blen\u00ed genetick\u00e9 ekologie do roku 2017<\/a><\/h5>\n<h5><a href=\"https:\/\/www.ibot.cas.cz\/cs\/vedecka-cinnost\/seznam-projektu\/?tx=&amp;yr=&amp;de=33&amp;pe=&amp;tp=\" target=\"_blank\" rel=\"noopener noreferrer\">Projekty Odd\u011blen\u00ed pr\u016ftokov\u00e9 cytometrie do roku 2017<\/a><\/h5>\n","protected":false},"excerpt":{"rendered":"<p>Projekty od roku 2017 Projekty Odd\u011blen\u00ed genetick\u00e9 ekologie do roku 2017 Projekty Odd\u011blen\u00ed pr\u016ftokov\u00e9 cytometrie do roku 2017<\/p>\n","protected":false},"author":38,"featured_media":0,"parent":0,"menu_order":0,"comment_status":"closed","ping_status":"closed","template":"","meta":{"_acf_changed":false,"footnotes":"","_links_to":"","_links_to_target":""},"class_list":["post-655","page","type-page","status-publish","hentry"],"acf":[],"_links":{"self":[{"href":"https:\/\/www.ibot.cas.cz\/oddeleni-evolucni-biologie-rostlin\/index.php?rest_route=\/wp\/v2\/pages\/655","targetHints":{"allow":["GET"]}}],"collection":[{"href":"https:\/\/www.ibot.cas.cz\/oddeleni-evolucni-biologie-rostlin\/index.php?rest_route=\/wp\/v2\/pages"}],"about":[{"href":"https:\/\/www.ibot.cas.cz\/oddeleni-evolucni-biologie-rostlin\/index.php?rest_route=\/wp\/v2\/types\/page"}],"author":[{"embeddable":true,"href":"https:\/\/www.ibot.cas.cz\/oddeleni-evolucni-biologie-rostlin\/index.php?rest_route=\/wp\/v2\/users\/38"}],"replies":[{"embeddable":true,"href":"https:\/\/www.ibot.cas.cz\/oddeleni-evolucni-biologie-rostlin\/index.php?rest_route=%2Fwp%2Fv2%2Fcomments&post=655"}],"version-history":[{"count":1,"href":"https:\/\/www.ibot.cas.cz\/oddeleni-evolucni-biologie-rostlin\/index.php?rest_route=\/wp\/v2\/pages\/655\/revisions"}],"predecessor-version":[{"id":656,"href":"https:\/\/www.ibot.cas.cz\/oddeleni-evolucni-biologie-rostlin\/index.php?rest_route=\/wp\/v2\/pages\/655\/revisions\/656"}],"wp:attachment":[{"href":"https:\/\/www.ibot.cas.cz\/oddeleni-evolucni-biologie-rostlin\/index.php?rest_route=%2Fwp%2Fv2%2Fmedia&parent=655"}],"curies":[{"name":"wp","href":"https:\/\/api.w.org\/{rel}","templated":true}]}}