{"id":644,"date":"2019-07-25T11:58:33","date_gmt":"2019-07-25T09:58:33","guid":{"rendered":"https:\/\/www.ibot.cas.cz\/oddeleni-evolucni-biologie-rostlin\/?page_id=644"},"modified":"2021-01-12T14:38:12","modified_gmt":"2021-01-12T13:38:12","slug":"publikace","status":"publish","type":"page","link":"https:\/\/www.ibot.cas.cz\/oddeleni-evolucni-biologie-rostlin\/?page_id=644&lang=cs","title":{"rendered":"Publikace"},"content":{"rendered":"<h5><a href=\"https:\/\/www.ibot.cas.cz\/cs\/vyzkum\/uspechy\/publikace\/?tx=&amp;yr=&amp;de=44&amp;pe=&amp;tp=\">Publikace od roku 2017<\/a><\/h5>\n<h5><a href=\"https:\/\/www.ibot.cas.cz\/cs\/vyzkum\/uspechy\/publikace\/?tx=&amp;yr=&amp;de=25&amp;pe=&amp;tp=\">Publikace Odd\u011blen\u00ed genetick\u00e9 ekologie do roku 2017<\/a><\/h5>\n<h5><a href=\"https:\/\/www.ibot.cas.cz\/cs\/vyzkum\/uspechy\/publikace\/?tx=&amp;yr=&amp;de=33&amp;pe=&amp;tp=\">Publikace Odd\u011blen\u00ed pr\u016ftokov\u00e9 cytometrie do roku 2017<\/a><\/h5>\n","protected":false},"excerpt":{"rendered":"<p>Publikace od roku 2017 Publikace Odd\u011blen\u00ed genetick\u00e9 ekologie do roku 2017 Publikace Odd\u011blen\u00ed pr\u016ftokov\u00e9 cytometrie do roku 2017<\/p>\n","protected":false},"author":38,"featured_media":0,"parent":0,"menu_order":0,"comment_status":"closed","ping_status":"closed","template":"","meta":{"_acf_changed":false,"footnotes":"","_links_to":"","_links_to_target":""},"class_list":["post-644","page","type-page","status-publish","hentry"],"acf":[],"_links":{"self":[{"href":"https:\/\/www.ibot.cas.cz\/oddeleni-evolucni-biologie-rostlin\/index.php?rest_route=\/wp\/v2\/pages\/644","targetHints":{"allow":["GET"]}}],"collection":[{"href":"https:\/\/www.ibot.cas.cz\/oddeleni-evolucni-biologie-rostlin\/index.php?rest_route=\/wp\/v2\/pages"}],"about":[{"href":"https:\/\/www.ibot.cas.cz\/oddeleni-evolucni-biologie-rostlin\/index.php?rest_route=\/wp\/v2\/types\/page"}],"author":[{"embeddable":true,"href":"https:\/\/www.ibot.cas.cz\/oddeleni-evolucni-biologie-rostlin\/index.php?rest_route=\/wp\/v2\/users\/38"}],"replies":[{"embeddable":true,"href":"https:\/\/www.ibot.cas.cz\/oddeleni-evolucni-biologie-rostlin\/index.php?rest_route=%2Fwp%2Fv2%2Fcomments&post=644"}],"version-history":[{"count":3,"href":"https:\/\/www.ibot.cas.cz\/oddeleni-evolucni-biologie-rostlin\/index.php?rest_route=\/wp\/v2\/pages\/644\/revisions"}],"predecessor-version":[{"id":713,"href":"https:\/\/www.ibot.cas.cz\/oddeleni-evolucni-biologie-rostlin\/index.php?rest_route=\/wp\/v2\/pages\/644\/revisions\/713"}],"wp:attachment":[{"href":"https:\/\/www.ibot.cas.cz\/oddeleni-evolucni-biologie-rostlin\/index.php?rest_route=%2Fwp%2Fv2%2Fmedia&parent=644"}],"curies":[{"name":"wp","href":"https:\/\/api.w.org\/{rel}","templated":true}]}}