{"id":720,"date":"2021-04-15T06:40:10","date_gmt":"2021-04-15T04:40:10","guid":{"rendered":"https:\/\/www.ibot.cas.cz\/botanika\/?page_id=720"},"modified":"2023-07-03T15:17:12","modified_gmt":"2023-07-03T13:17:12","slug":"journal-botanika-2","status":"publish","type":"page","link":"https:\/\/www.ibot.cas.cz\/botanika\/?page_id=720","title":{"rendered":"Journal Botanika (Botany)"},"content":{"rendered":"<p>Since 2013 Institute of Botany, The Czech Academy of Sciences publishes the popularization journal Botanika (Botany).<br \/>\nRegular issues are only in Czech, special issue about rhododendrons in Pr\u016fhonice park is available also in English. You can purchase it at the cash desk at the main entrance to Pr\u016fhonice park.<\/p>\n<p><a href=\"https:\/\/www.ibot.cas.cz\/botanika\/wp-content\/uploads\/sites\/19\/2022\/12\/obalka-special-rondaky_EN_web.jpg\"><img loading=\"lazy\" decoding=\"async\" class=\"alignnone wp-image-988\" src=\"https:\/\/www.ibot.cas.cz\/botanika\/wp-content\/uploads\/sites\/19\/2022\/12\/obalka-special-rondaky_EN_web.jpg\" alt=\"\" width=\"450\" height=\"656\" \/><\/a><\/p>\n<p><strong>Interim Editor-in-Chief<\/strong><\/p>\n<p>Mgr. Tereza Ch\u00fdlov\u00e1<\/p>\n<p><strong>Editorial Board<\/strong><\/p>\n<p>RNDr. V\u011broslava Hadincov\u00e1, CSc.<br \/>\nRNDr. Zuzana Chumov\u00e1, Ph.D.<br \/>\nMgr. Josef Jur\u00e1\u0148, Ph.D.<br \/>\nMgr. Ji\u0159\u00ed Mal\u00ed\u010dek, Ph.D.<br \/>\nRNDr. Pavel Sekerka<br \/>\nRNDr. Hana Sk\u00e1lov\u00e1, CSc.<br \/>\n<em>(all Institute of Botany, Czech Academy of Sciences)<\/em><br \/>\nMgr. Kate\u0159ina Woodard, Ph.D. <em>(Czech Botanical Society)<\/em><\/p>\n","protected":false},"excerpt":{"rendered":"<p>Since 2013 Institute of Botany, The Czech Academy of Sciences publishes the popularization journal Botanika (Botany). Regular issues are only in Czech, special issue about rhododendrons in Pr\u016fhonice park is available also in English. You can purchase it at the cash desk at the main entrance to Pr\u016fhonice park. Interim Editor-in-Chief Mgr. Tereza Ch\u00fdlov\u00e1 Editorial [&hellip;]<\/p>\n","protected":false},"author":24,"featured_media":0,"parent":0,"menu_order":0,"comment_status":"closed","ping_status":"closed","template":"","meta":{"_acf_changed":false,"footnotes":"","_links_to":"","_links_to_target":""},"class_list":["post-720","page","type-page","status-publish","hentry"],"acf":[],"_links":{"self":[{"href":"https:\/\/www.ibot.cas.cz\/botanika\/index.php?rest_route=\/wp\/v2\/pages\/720","targetHints":{"allow":["GET"]}}],"collection":[{"href":"https:\/\/www.ibot.cas.cz\/botanika\/index.php?rest_route=\/wp\/v2\/pages"}],"about":[{"href":"https:\/\/www.ibot.cas.cz\/botanika\/index.php?rest_route=\/wp\/v2\/types\/page"}],"author":[{"embeddable":true,"href":"https:\/\/www.ibot.cas.cz\/botanika\/index.php?rest_route=\/wp\/v2\/users\/24"}],"replies":[{"embeddable":true,"href":"https:\/\/www.ibot.cas.cz\/botanika\/index.php?rest_route=%2Fwp%2Fv2%2Fcomments&post=720"}],"version-history":[{"count":11,"href":"https:\/\/www.ibot.cas.cz\/botanika\/index.php?rest_route=\/wp\/v2\/pages\/720\/revisions"}],"predecessor-version":[{"id":1132,"href":"https:\/\/www.ibot.cas.cz\/botanika\/index.php?rest_route=\/wp\/v2\/pages\/720\/revisions\/1132"}],"wp:attachment":[{"href":"https:\/\/www.ibot.cas.cz\/botanika\/index.php?rest_route=%2Fwp%2Fv2%2Fmedia&parent=720"}],"curies":[{"name":"wp","href":"https:\/\/api.w.org\/{rel}","templated":true}]}}