{"id":539,"date":"2019-05-09T15:33:50","date_gmt":"2019-05-09T13:33:50","guid":{"rendered":"https:\/\/www.ibot.cas.cz\/botanika\/?page_id=539"},"modified":"2019-05-09T15:35:04","modified_gmt":"2019-05-09T13:35:04","slug":"obsah-cisla-2017-2","status":"publish","type":"page","link":"https:\/\/www.ibot.cas.cz\/botanika\/?page_id=539","title":{"rendered":"Obsah \u010d\u00edsla 2017\/2"},"content":{"rendered":"<h2>Obsah \u010d\u00edsla 2017\/2<\/h2>\n<p><img loading=\"lazy\" decoding=\"async\" class=\"alignnone size-medium wp-image-415\" src=\"https:\/\/www.ibot.cas.cz\/botanika\/wp-content\/uploads\/sites\/19\/2019\/04\/obalka_Botanika_2017_2-208x300.jpg\" alt=\"\" width=\"208\" height=\"300\" srcset=\"https:\/\/www.ibot.cas.cz\/botanika\/wp-content\/uploads\/sites\/19\/2019\/04\/obalka_Botanika_2017_2-208x300.jpg 208w, https:\/\/www.ibot.cas.cz\/botanika\/wp-content\/uploads\/sites\/19\/2019\/04\/obalka_Botanika_2017_2.jpg 665w\" sizes=\"auto, (max-width: 208px) 100vw, 208px\" \/><\/p>\n<ul>\n<li>\u00davodn\u00ed slovo<\/li>\n<li>Rostlinstvo druhohor<\/li>\n<li>Seri\u00e1l L\u00e9\u010div\u00e9 rostliny: Hoodia gordonii &#8211; p\u0159\u00edrodn\u00ed prost\u0159edek na sni\u017eov\u00e1n\u00ed v\u00e1hy<\/li>\n<li>Seri\u00e1l: Rostliny a v\u016fn\u011b &#8211; 1. d\u00edl<\/li>\n<li>Pr\u016fhonick\u00fd park z pohledu mykologa<\/li>\n<li>Zlat\u00e9 ban\u00e1ny<\/li>\n<li>Zanikl\u00fdmi vesnicemi v krajin\u011b \u010cesk\u00e9ho \u0160v\u00fdcarska<\/li>\n<li>Terestrick\u00e9 analogy II. Klimatick\u00fd analog: pol\u00e1rn\u00ed oblasti<\/li>\n<li>Spir\u00e1la \u017eivota &#8211; V\u011bda fotogenick\u00e1<\/li>\n<li>Botanick\u00e1 zahrada a arborezum \u0160tramberk<\/li>\n<li>Mu\u010foul, ban\u00e1novn\u00edk severu<\/li>\n<li>Novinky v Pr\u016fhonick\u00e9 botanick\u00e9 zahrad\u011b<\/li>\n<li>P\u0159edstaven\u00ed nov\u00e9 publikace o Pr\u016fhonick\u00e9m parku<\/li>\n<li>Botanick\u00e9 akce pro ve\u0159ejnost<\/li>\n<\/ul>\n","protected":false},"excerpt":{"rendered":"<p>Obsah \u010d\u00edsla 2017\/2 \u00davodn\u00ed slovo Rostlinstvo druhohor Seri\u00e1l L\u00e9\u010div\u00e9 rostliny: Hoodia gordonii &#8211; p\u0159\u00edrodn\u00ed prost\u0159edek na sni\u017eov\u00e1n\u00ed v\u00e1hy Seri\u00e1l: Rostliny a v\u016fn\u011b &#8211; 1. d\u00edl Pr\u016fhonick\u00fd park z pohledu mykologa Zlat\u00e9 ban\u00e1ny Zanikl\u00fdmi vesnicemi v krajin\u011b \u010cesk\u00e9ho \u0160v\u00fdcarska Terestrick\u00e9 analogy II. Klimatick\u00fd analog: pol\u00e1rn\u00ed oblasti Spir\u00e1la \u017eivota &#8211; V\u011bda fotogenick\u00e1 Botanick\u00e1 zahrada a arborezum \u0160tramberk [&hellip;]<\/p>\n","protected":false},"author":4,"featured_media":0,"parent":362,"menu_order":0,"comment_status":"closed","ping_status":"closed","template":"","meta":{"_acf_changed":false,"footnotes":"","_links_to":"","_links_to_target":""},"class_list":["post-539","page","type-page","status-publish","hentry"],"acf":[],"_links":{"self":[{"href":"https:\/\/www.ibot.cas.cz\/botanika\/index.php?rest_route=\/wp\/v2\/pages\/539","targetHints":{"allow":["GET"]}}],"collection":[{"href":"https:\/\/www.ibot.cas.cz\/botanika\/index.php?rest_route=\/wp\/v2\/pages"}],"about":[{"href":"https:\/\/www.ibot.cas.cz\/botanika\/index.php?rest_route=\/wp\/v2\/types\/page"}],"author":[{"embeddable":true,"href":"https:\/\/www.ibot.cas.cz\/botanika\/index.php?rest_route=\/wp\/v2\/users\/4"}],"replies":[{"embeddable":true,"href":"https:\/\/www.ibot.cas.cz\/botanika\/index.php?rest_route=%2Fwp%2Fv2%2Fcomments&post=539"}],"version-history":[{"count":3,"href":"https:\/\/www.ibot.cas.cz\/botanika\/index.php?rest_route=\/wp\/v2\/pages\/539\/revisions"}],"predecessor-version":[{"id":543,"href":"https:\/\/www.ibot.cas.cz\/botanika\/index.php?rest_route=\/wp\/v2\/pages\/539\/revisions\/543"}],"up":[{"embeddable":true,"href":"https:\/\/www.ibot.cas.cz\/botanika\/index.php?rest_route=\/wp\/v2\/pages\/362"}],"wp:attachment":[{"href":"https:\/\/www.ibot.cas.cz\/botanika\/index.php?rest_route=%2Fwp%2Fv2%2Fmedia&parent=539"}],"curies":[{"name":"wp","href":"https:\/\/api.w.org\/{rel}","templated":true}]}}