{"id":379,"date":"2019-04-02T11:30:50","date_gmt":"2019-04-02T09:30:50","guid":{"rendered":"https:\/\/www.ibot.cas.cz\/botanika\/?page_id=379"},"modified":"2023-01-18T14:50:55","modified_gmt":"2023-01-18T13:50:55","slug":"informace-pro-autory","status":"publish","type":"page","link":"https:\/\/www.ibot.cas.cz\/botanika\/?page_id=379","title":{"rendered":"Informace pro autory"},"content":{"rendered":"<p><strong>1. Text <\/strong>m\u00e1 b\u00fdt srozumiteln\u00fd i \u010dlov\u011bku, kter\u00fd se danou problematikou nikdy nezab\u00fdval; je ur\u010den vzd\u011blan\u00fdm laik\u016fm se z\u00e1jmem o botaniku. M\u011bl by b\u00fdt zaj\u00edmav\u00fd, \u010dtiv\u00fd, nem\u011bl by b\u00fdt pouze popisn\u00fd.<\/p>\n<p><strong>2. D\u00e9lka \u010dl\u00e1nku<\/strong> do 6 000 znak\u016f bez mezer. V p\u0159\u00edpad\u011b nutnosti p\u0159ekro\u010den\u00ed d\u00e9lky kontaktujte redakci.<\/p>\n<p><strong>3. Form\u00e1t a styly.<\/strong> Text neform\u00e1tujte. K zv\u00fdrazn\u011bn\u00ed n\u011bkter\u00fdch slov nebo pas\u00e1\u017e\u00ed lze pou\u017e\u00edt kurz\u00edvu nebo tu\u010dn\u00fd \u0159ez. Nepi\u0161te cel\u00e1 slova velk\u00fdmi p\u00edsmeny \u2013 ani v nadpisech.<\/p>\n<p><strong>4. Obr\u00e1zky<\/strong> pos\u00edlejte v samostatn\u00fdch souborech, ulo\u017een\u00e9 ve form\u00e1tu TIFF, p\u0159\u00edpadn\u011b JPG nebo GIF (pokud mo\u017eno vyu\u017e\u00edt form\u00e1ty bez ztr\u00e1tov\u00e9 komprese p\u0159i ukl\u00e1d\u00e1n\u00ed). K o\u010d\u00edslovan\u00fdm obr\u00e1zk\u016fm p\u0159ipravte popisky opat\u0159en\u00e9 odpov\u00eddaj\u00edc\u00edmi \u010d\u00edsly, nezapome\u0148te uv\u00e9st autora.<\/p>\n<p><strong>5. Medailonky autor\u016f <\/strong>za\u0161lete spolu s rukopisem. D\u00e9lka medailonku do 300 znak\u016f bez mezer + foto, vzor <a href=\"https:\/\/www.ibot.cas.cz\/botanika\/wp-content\/uploads\/sites\/19\/2023\/01\/medailonek_vzor.png\">zde<\/a>.<\/p>\n<p><strong>6. P\u0159ed\u00e1n\u00ed \u010dl\u00e1nku v elektronick\u00e9 podob\u011b<\/strong> e-mailem na <a href=\"mailto:botanika@ibot.cas.cz\">botanika@ibot.cas.cz<\/a>.<\/p>\n","protected":false},"excerpt":{"rendered":"<p>1. Text m\u00e1 b\u00fdt srozumiteln\u00fd i \u010dlov\u011bku, kter\u00fd se danou problematikou nikdy nezab\u00fdval; je ur\u010den vzd\u011blan\u00fdm laik\u016fm se z\u00e1jmem o botaniku. M\u011bl by b\u00fdt zaj\u00edmav\u00fd, \u010dtiv\u00fd, nem\u011bl by b\u00fdt pouze popisn\u00fd. 2. D\u00e9lka \u010dl\u00e1nku do 6 000 znak\u016f bez mezer. V p\u0159\u00edpad\u011b nutnosti p\u0159ekro\u010den\u00ed d\u00e9lky kontaktujte redakci. 3. Form\u00e1t a styly. Text neform\u00e1tujte. K zv\u00fdrazn\u011bn\u00ed [&hellip;]<\/p>\n","protected":false},"author":4,"featured_media":0,"parent":0,"menu_order":0,"comment_status":"closed","ping_status":"closed","template":"","meta":{"_acf_changed":false,"footnotes":"","_links_to":"","_links_to_target":""},"class_list":["post-379","page","type-page","status-publish","hentry"],"acf":[],"_links":{"self":[{"href":"https:\/\/www.ibot.cas.cz\/botanika\/index.php?rest_route=\/wp\/v2\/pages\/379","targetHints":{"allow":["GET"]}}],"collection":[{"href":"https:\/\/www.ibot.cas.cz\/botanika\/index.php?rest_route=\/wp\/v2\/pages"}],"about":[{"href":"https:\/\/www.ibot.cas.cz\/botanika\/index.php?rest_route=\/wp\/v2\/types\/page"}],"author":[{"embeddable":true,"href":"https:\/\/www.ibot.cas.cz\/botanika\/index.php?rest_route=\/wp\/v2\/users\/4"}],"replies":[{"embeddable":true,"href":"https:\/\/www.ibot.cas.cz\/botanika\/index.php?rest_route=%2Fwp%2Fv2%2Fcomments&post=379"}],"version-history":[{"count":12,"href":"https:\/\/www.ibot.cas.cz\/botanika\/index.php?rest_route=\/wp\/v2\/pages\/379\/revisions"}],"predecessor-version":[{"id":999,"href":"https:\/\/www.ibot.cas.cz\/botanika\/index.php?rest_route=\/wp\/v2\/pages\/379\/revisions\/999"}],"wp:attachment":[{"href":"https:\/\/www.ibot.cas.cz\/botanika\/index.php?rest_route=%2Fwp%2Fv2%2Fmedia&parent=379"}],"curies":[{"name":"wp","href":"https:\/\/api.w.org\/{rel}","templated":true}]}}