{"id":362,"date":"2019-04-02T11:18:50","date_gmt":"2019-04-02T09:18:50","guid":{"rendered":"https:\/\/www.ibot.cas.cz\/botanika\/?page_id=362"},"modified":"2021-04-20T13:20:30","modified_gmt":"2021-04-20T11:20:30","slug":"archiv","status":"publish","type":"page","link":"https:\/\/www.ibot.cas.cz\/botanika\/?page_id=362","title":{"rendered":"Archiv"},"content":{"rendered":"<h2>Archiv<\/h2>\n<h4>Pravideln\u00e1 \u010d\u00edsla | <a href=\"https:\/\/www.ibot.cas.cz\/botanika\/?page_id=362&amp;lang=cs\/#specialy\">Speci\u00e1ly<\/a><\/h4>\n<h4><span style=\"color: #ff6600\">2020<\/span><\/h4>\n<p><a href=\"https:\/\/www.ibot.cas.cz\/botanika\/wp-content\/uploads\/sites\/19\/2021\/04\/e-Botanika-012020.pdf\"><img loading=\"lazy\" decoding=\"async\" class=\"alignnone wp-image-579 size-medium\" src=\"https:\/\/www.ibot.cas.cz\/botanika\/wp-content\/uploads\/sites\/19\/2020\/04\/Botanika-01_2020_obalka-214x300.jpg\" alt=\"\" width=\"214\" height=\"300\" srcset=\"https:\/\/www.ibot.cas.cz\/botanika\/wp-content\/uploads\/sites\/19\/2020\/04\/Botanika-01_2020_obalka-214x300.jpg 214w, https:\/\/www.ibot.cas.cz\/botanika\/wp-content\/uploads\/sites\/19\/2020\/04\/Botanika-01_2020_obalka-731x1024.jpg 731w, https:\/\/www.ibot.cas.cz\/botanika\/wp-content\/uploads\/sites\/19\/2020\/04\/Botanika-01_2020_obalka-768x1076.jpg 768w, https:\/\/www.ibot.cas.cz\/botanika\/wp-content\/uploads\/sites\/19\/2020\/04\/Botanika-01_2020_obalka-1097x1536.jpg 1097w, https:\/\/www.ibot.cas.cz\/botanika\/wp-content\/uploads\/sites\/19\/2020\/04\/Botanika-01_2020_obalka.jpg 1240w\" sizes=\"auto, (max-width: 214px) 100vw, 214px\" \/><\/a><\/p>\n<h4><span style=\"color: #ff6600\">2019<\/span><\/h4>\n<p><a href=\"https:\/\/www.ibot.cas.cz\/botanika\/wp-content\/uploads\/sites\/19\/2020\/03\/e-Botanika-012019.pdf\"><img loading=\"lazy\" decoding=\"async\" class=\"wp-image-550 size-medium\" src=\"https:\/\/www.ibot.cas.cz\/botanika\/wp-content\/uploads\/sites\/19\/2019\/06\/Botanika_1_2019_obalka_mensi-212x300.jpg\" alt=\"\" width=\"212\" height=\"300\" srcset=\"https:\/\/www.ibot.cas.cz\/botanika\/wp-content\/uploads\/sites\/19\/2019\/06\/Botanika_1_2019_obalka_mensi-212x300.jpg 212w, https:\/\/www.ibot.cas.cz\/botanika\/wp-content\/uploads\/sites\/19\/2019\/06\/Botanika_1_2019_obalka_mensi-768x1086.jpg 768w, https:\/\/www.ibot.cas.cz\/botanika\/wp-content\/uploads\/sites\/19\/2019\/06\/Botanika_1_2019_obalka_mensi-724x1024.jpg 724w, https:\/\/www.ibot.cas.cz\/botanika\/wp-content\/uploads\/sites\/19\/2019\/06\/Botanika_1_2019_obalka_mensi.jpg 992w\" sizes=\"auto, (max-width: 212px) 100vw, 212px\" \/><\/a><\/p>\n<p><a href=\"https:\/\/www.ibot.cas.cz\/botanika\/wp-content\/uploads\/sites\/19\/2020\/10\/e-Botanika-022019.pdf\"><img loading=\"lazy\" decoding=\"async\" class=\"wp-image-552 size-medium\" src=\"https:\/\/www.ibot.cas.cz\/botanika\/wp-content\/uploads\/sites\/19\/2019\/12\/Botanika_2_2019_obalka-212x300.jpg\" alt=\"\" width=\"212\" height=\"300\" srcset=\"https:\/\/www.ibot.cas.cz\/botanika\/wp-content\/uploads\/sites\/19\/2019\/12\/Botanika_2_2019_obalka-212x300.jpg 212w, https:\/\/www.ibot.cas.cz\/botanika\/wp-content\/uploads\/sites\/19\/2019\/12\/Botanika_2_2019_obalka-768x1086.jpg 768w, https:\/\/www.ibot.cas.cz\/botanika\/wp-content\/uploads\/sites\/19\/2019\/12\/Botanika_2_2019_obalka-724x1024.jpg 724w\" sizes=\"auto, (max-width: 212px) 100vw, 212px\" \/><\/a><\/p>\n<h4><span style=\"color: #ff6600\">2018<\/span><\/h4>\n<p><a href=\"https:\/\/www.ibot.cas.cz\/botanika\/wp-content\/uploads\/sites\/19\/2020\/03\/e-Botanika-022018.pdf\"><img loading=\"lazy\" decoding=\"async\" class=\"wp-image-405\" src=\"https:\/\/www.ibot.cas.cz\/botanika\/wp-content\/uploads\/sites\/19\/2019\/04\/Botanika_2_2018_obalka-212x300.jpg\" alt=\"\" width=\"212\" height=\"300\" srcset=\"https:\/\/www.ibot.cas.cz\/botanika\/wp-content\/uploads\/sites\/19\/2019\/04\/Botanika_2_2018_obalka-212x300.jpg 212w, https:\/\/www.ibot.cas.cz\/botanika\/wp-content\/uploads\/sites\/19\/2019\/04\/Botanika_2_2018_obalka-768x1086.jpg 768w, https:\/\/www.ibot.cas.cz\/botanika\/wp-content\/uploads\/sites\/19\/2019\/04\/Botanika_2_2018_obalka-724x1024.jpg 724w\" sizes=\"auto, (max-width: 212px) 100vw, 212px\" \/><\/a><\/p>\n<p><a href=\"https:\/\/www.ibot.cas.cz\/botanika\/wp-content\/uploads\/sites\/19\/2020\/03\/e-Botanika-012018.pdf\"><img loading=\"lazy\" decoding=\"async\" class=\"wp-image-439 size-medium\" src=\"https:\/\/www.ibot.cas.cz\/botanika\/wp-content\/uploads\/sites\/19\/2019\/04\/Botanika-012018-obalka-212x300.jpg\" alt=\"\" width=\"212\" height=\"300\" srcset=\"https:\/\/www.ibot.cas.cz\/botanika\/wp-content\/uploads\/sites\/19\/2019\/04\/Botanika-012018-obalka-212x300.jpg 212w, https:\/\/www.ibot.cas.cz\/botanika\/wp-content\/uploads\/sites\/19\/2019\/04\/Botanika-012018-obalka.jpg 595w\" sizes=\"auto, (max-width: 212px) 100vw, 212px\" \/><\/a><\/p>\n<h4><span style=\"color: #ff6600\">2017<\/span><\/h4>\n<p><a href=\"https:\/\/www.ibot.cas.cz\/botanika\/cs\/archiv\/obsah-cisla-2017-1\/\"><img loading=\"lazy\" decoding=\"async\" class=\"alignnone wp-image-410 size-medium\" src=\"https:\/\/www.ibot.cas.cz\/botanika\/wp-content\/uploads\/sites\/19\/2019\/04\/botanika_2017-1-large-212x300.jpg\" alt=\"\" width=\"212\" height=\"300\" srcset=\"https:\/\/www.ibot.cas.cz\/botanika\/wp-content\/uploads\/sites\/19\/2019\/04\/botanika_2017-1-large-212x300.jpg 212w, https:\/\/www.ibot.cas.cz\/botanika\/wp-content\/uploads\/sites\/19\/2019\/04\/botanika_2017-1-large.jpg 590w\" sizes=\"auto, (max-width: 212px) 100vw, 212px\" \/><\/a>\u00a0<a href=\"https:\/\/www.ibot.cas.cz\/botanika\/cs\/?page_id=539&amp;preview=true\"><img loading=\"lazy\" decoding=\"async\" class=\"alignnone wp-image-415 size-medium\" src=\"https:\/\/www.ibot.cas.cz\/botanika\/wp-content\/uploads\/sites\/19\/2019\/04\/obalka_Botanika_2017_2-208x300.jpg\" alt=\"\" width=\"208\" height=\"300\" srcset=\"https:\/\/www.ibot.cas.cz\/botanika\/wp-content\/uploads\/sites\/19\/2019\/04\/obalka_Botanika_2017_2-208x300.jpg 208w, https:\/\/www.ibot.cas.cz\/botanika\/wp-content\/uploads\/sites\/19\/2019\/04\/obalka_Botanika_2017_2.jpg 665w\" sizes=\"auto, (max-width: 208px) 100vw, 208px\" \/><\/a><\/p>\n<h4><span style=\"color: #ff6600\">2016<\/span><\/h4>\n<p><a href=\"https:\/\/www.ibot.cas.cz\/botanika\/cs\/obsah-cisla-2016-1\/\"><img loading=\"lazy\" decoding=\"async\" class=\"alignnone wp-image-413\" src=\"https:\/\/www.ibot.cas.cz\/botanika\/wp-content\/uploads\/sites\/19\/2019\/04\/Botanika2016_1_obalka-223x300.jpg\" alt=\"\" width=\"212\" height=\"286\" srcset=\"https:\/\/www.ibot.cas.cz\/botanika\/wp-content\/uploads\/sites\/19\/2019\/04\/Botanika2016_1_obalka-223x300.jpg 223w, https:\/\/www.ibot.cas.cz\/botanika\/wp-content\/uploads\/sites\/19\/2019\/04\/Botanika2016_1_obalka-768x1035.jpg 768w, https:\/\/www.ibot.cas.cz\/botanika\/wp-content\/uploads\/sites\/19\/2019\/04\/Botanika2016_1_obalka-760x1024.jpg 760w, https:\/\/www.ibot.cas.cz\/botanika\/wp-content\/uploads\/sites\/19\/2019\/04\/Botanika2016_1_obalka.jpg 1258w\" sizes=\"auto, (max-width: 212px) 100vw, 212px\" \/><\/a> <a href=\"https:\/\/www.ibot.cas.cz\/botanika\/cs\/obsah-cisla-2016-2\/\"><img loading=\"lazy\" decoding=\"async\" class=\"alignnone wp-image-414 size-medium\" src=\"https:\/\/www.ibot.cas.cz\/botanika\/wp-content\/uploads\/sites\/19\/2019\/04\/obalka_Botanika_2016_2-212x300.jpg\" alt=\"\" width=\"212\" height=\"300\" srcset=\"https:\/\/www.ibot.cas.cz\/botanika\/wp-content\/uploads\/sites\/19\/2019\/04\/obalka_Botanika_2016_2-212x300.jpg 212w, https:\/\/www.ibot.cas.cz\/botanika\/wp-content\/uploads\/sites\/19\/2019\/04\/obalka_Botanika_2016_2-768x1086.jpg 768w, https:\/\/www.ibot.cas.cz\/botanika\/wp-content\/uploads\/sites\/19\/2019\/04\/obalka_Botanika_2016_2-724x1024.jpg 724w\" sizes=\"auto, (max-width: 212px) 100vw, 212px\" \/><\/a><\/p>\n<h4><span style=\"color: #ff6600\">2015<\/span><\/h4>\n<p><a href=\"https:\/\/www.ibot.cas.cz\/botanika\/cs\/obsah-cisla-2015-1\/\"><img loading=\"lazy\" decoding=\"async\" class=\"alignnone wp-image-448\" src=\"https:\/\/www.ibot.cas.cz\/botanika\/wp-content\/uploads\/sites\/19\/2019\/04\/Obalka_Botanika_2015_1-219x300.jpg\" alt=\"\" width=\"212\" height=\"290\" srcset=\"https:\/\/www.ibot.cas.cz\/botanika\/wp-content\/uploads\/sites\/19\/2019\/04\/Obalka_Botanika_2015_1-219x300.jpg 219w, https:\/\/www.ibot.cas.cz\/botanika\/wp-content\/uploads\/sites\/19\/2019\/04\/Obalka_Botanika_2015_1-768x1052.jpg 768w, https:\/\/www.ibot.cas.cz\/botanika\/wp-content\/uploads\/sites\/19\/2019\/04\/Obalka_Botanika_2015_1-748x1024.jpg 748w, https:\/\/www.ibot.cas.cz\/botanika\/wp-content\/uploads\/sites\/19\/2019\/04\/Obalka_Botanika_2015_1.jpg 1653w\" sizes=\"auto, (max-width: 212px) 100vw, 212px\" \/><\/a> <a href=\"https:\/\/www.ibot.cas.cz\/botanika\/cs\/obsah-cisla-2015-2\/\"><img loading=\"lazy\" decoding=\"async\" class=\"alignnone wp-image-3066 size-medium\" src=\"\/wp-content\/uploads\/2016\/05\/botanika-2_15-209x300.jpg\" alt=\"botanika-2_15\" width=\"209\" height=\"300\" \/><\/a><\/p>\n<h4><span style=\"color: #ff6600\">2014<\/span><\/h4>\n<p><a href=\"https:\/\/www.ibot.cas.cz\/botanika\/cs\/obsah-cisla-2014-1\/\"><img loading=\"lazy\" decoding=\"async\" class=\"alignnone wp-image-465\" src=\"https:\/\/www.ibot.cas.cz\/botanika\/wp-content\/uploads\/sites\/19\/2019\/04\/Obalka_Botanika_2014_1-212x300.jpg\" alt=\"\" width=\"205\" height=\"290\" srcset=\"https:\/\/www.ibot.cas.cz\/botanika\/wp-content\/uploads\/sites\/19\/2019\/04\/Obalka_Botanika_2014_1-212x300.jpg 212w, https:\/\/www.ibot.cas.cz\/botanika\/wp-content\/uploads\/sites\/19\/2019\/04\/Obalka_Botanika_2014_1-768x1088.jpg 768w, https:\/\/www.ibot.cas.cz\/botanika\/wp-content\/uploads\/sites\/19\/2019\/04\/Obalka_Botanika_2014_1-723x1024.jpg 723w, https:\/\/www.ibot.cas.cz\/botanika\/wp-content\/uploads\/sites\/19\/2019\/04\/Obalka_Botanika_2014_1.jpg 827w\" sizes=\"auto, (max-width: 205px) 100vw, 205px\" \/><\/a> <a href=\"https:\/\/www.ibot.cas.cz\/botanika\/cs\/obsah-cisla-2014-2-2\/\"><img loading=\"lazy\" decoding=\"async\" class=\"alignnone wp-image-447\" src=\"https:\/\/www.ibot.cas.cz\/botanika\/wp-content\/uploads\/sites\/19\/2019\/04\/Obalka_Botanika_2014_2-227x300.jpg\" alt=\"\" width=\"219\" height=\"290\" srcset=\"https:\/\/www.ibot.cas.cz\/botanika\/wp-content\/uploads\/sites\/19\/2019\/04\/Obalka_Botanika_2014_2-227x300.jpg 227w, https:\/\/www.ibot.cas.cz\/botanika\/wp-content\/uploads\/sites\/19\/2019\/04\/Obalka_Botanika_2014_2-768x1015.jpg 768w, https:\/\/www.ibot.cas.cz\/botanika\/wp-content\/uploads\/sites\/19\/2019\/04\/Obalka_Botanika_2014_2-775x1024.jpg 775w, https:\/\/www.ibot.cas.cz\/botanika\/wp-content\/uploads\/sites\/19\/2019\/04\/Obalka_Botanika_2014_2.jpg 827w\" sizes=\"auto, (max-width: 219px) 100vw, 219px\" \/><\/a><\/p>\n<h4><span style=\"color: #ff6600\">2013<\/span><\/h4>\n<p><a href=\"https:\/\/www.ibot.cas.cz\/botanika\/cs\/obsah-cisla-2013-1\/\"><img loading=\"lazy\" decoding=\"async\" class=\"alignnone wp-image-446\" src=\"https:\/\/www.ibot.cas.cz\/botanika\/wp-content\/uploads\/sites\/19\/2019\/04\/Obalka_Botanika_2013_1-227x300.jpg\" alt=\"\" width=\"212\" height=\"280\" srcset=\"https:\/\/www.ibot.cas.cz\/botanika\/wp-content\/uploads\/sites\/19\/2019\/04\/Obalka_Botanika_2013_1-227x300.jpg 227w, https:\/\/www.ibot.cas.cz\/botanika\/wp-content\/uploads\/sites\/19\/2019\/04\/Obalka_Botanika_2013_1-768x1015.jpg 768w, https:\/\/www.ibot.cas.cz\/botanika\/wp-content\/uploads\/sites\/19\/2019\/04\/Obalka_Botanika_2013_1-775x1024.jpg 775w, https:\/\/www.ibot.cas.cz\/botanika\/wp-content\/uploads\/sites\/19\/2019\/04\/Obalka_Botanika_2013_1.jpg 827w\" sizes=\"auto, (max-width: 212px) 100vw, 212px\" \/><\/a><br \/>\n<a id=\"specialy\"><\/a><\/p>\n<h4>Speci\u00e1ly<\/h4>\n<p><a href=\"https:\/\/www.ibot.cas.cz\/botanika\/wp-content\/uploads\/sites\/19\/2020\/04\/Botanika-Special-listnate-stromy_2020_obsah.jpg\"><img loading=\"lazy\" decoding=\"async\" class=\"alignnone size-medium wp-image-587\" src=\"https:\/\/www.ibot.cas.cz\/botanika\/wp-content\/uploads\/sites\/19\/2020\/04\/Botanika-Special-listnate-stromy_2020_obalka-212x300.jpg\" alt=\"\" width=\"212\" height=\"300\" srcset=\"https:\/\/www.ibot.cas.cz\/botanika\/wp-content\/uploads\/sites\/19\/2020\/04\/Botanika-Special-listnate-stromy_2020_obalka-212x300.jpg 212w, https:\/\/www.ibot.cas.cz\/botanika\/wp-content\/uploads\/sites\/19\/2020\/04\/Botanika-Special-listnate-stromy_2020_obalka-724x1024.jpg 724w, https:\/\/www.ibot.cas.cz\/botanika\/wp-content\/uploads\/sites\/19\/2020\/04\/Botanika-Special-listnate-stromy_2020_obalka-768x1086.jpg 768w, https:\/\/www.ibot.cas.cz\/botanika\/wp-content\/uploads\/sites\/19\/2020\/04\/Botanika-Special-listnate-stromy_2020_obalka-1086x1536.jpg 1086w, https:\/\/www.ibot.cas.cz\/botanika\/wp-content\/uploads\/sites\/19\/2020\/04\/Botanika-Special-listnate-stromy_2020_obalka.jpg 1240w\" sizes=\"auto, (max-width: 212px) 100vw, 212px\" \/><\/a><\/p>\n<p><a href=\"https:\/\/www.ibot.cas.cz\/botanika\/wp-content\/uploads\/sites\/19\/2019\/04\/Botanika-special-stalezelene-kere.jpg\"><img loading=\"lazy\" decoding=\"async\" class=\"alignnone wp-image-409\" src=\"https:\/\/www.ibot.cas.cz\/botanika\/wp-content\/uploads\/sites\/19\/2019\/04\/Botanika-special-stalezelene-kere-214x300.jpg\" alt=\"\" width=\"212\" height=\"297\" srcset=\"https:\/\/www.ibot.cas.cz\/botanika\/wp-content\/uploads\/sites\/19\/2019\/04\/Botanika-special-stalezelene-kere-214x300.jpg 214w, https:\/\/www.ibot.cas.cz\/botanika\/wp-content\/uploads\/sites\/19\/2019\/04\/Botanika-special-stalezelene-kere.jpg 600w\" sizes=\"auto, (max-width: 212px) 100vw, 212px\" \/><\/a> <a href=\"https:\/\/www.ibot.cas.cz\/botanika\/cs\/obsah-specialu-kere-zname-a-nezname\/\"><img loading=\"lazy\" decoding=\"async\" class=\"alignnone wp-image-416 size-medium\" src=\"https:\/\/www.ibot.cas.cz\/botanika\/wp-content\/uploads\/sites\/19\/2019\/04\/obalkaBotanikaspecial2016-212x300.jpg\" alt=\"\" width=\"212\" height=\"300\" srcset=\"https:\/\/www.ibot.cas.cz\/botanika\/wp-content\/uploads\/sites\/19\/2019\/04\/obalkaBotanikaspecial2016-212x300.jpg 212w, https:\/\/www.ibot.cas.cz\/botanika\/wp-content\/uploads\/sites\/19\/2019\/04\/obalkaBotanikaspecial2016.jpg 565w\" sizes=\"auto, (max-width: 212px) 100vw, 212px\" \/><\/a><\/p>\n<h4><\/h4>\n<p><a href=\"https:\/\/www.ibot.cas.cz\/botanika\/cs\/obsah-specialu-jehlicnany-a-jejich-pribuzni\/\"><img loading=\"lazy\" decoding=\"async\" class=\"alignnone size-medium wp-image-451\" src=\"https:\/\/www.ibot.cas.cz\/botanika\/wp-content\/uploads\/sites\/19\/2019\/04\/Jehlicnany_titulka_vetsi-228x300.jpg\" alt=\"\" width=\"228\" height=\"300\" srcset=\"https:\/\/www.ibot.cas.cz\/botanika\/wp-content\/uploads\/sites\/19\/2019\/04\/Jehlicnany_titulka_vetsi-228x300.jpg 228w, https:\/\/www.ibot.cas.cz\/botanika\/wp-content\/uploads\/sites\/19\/2019\/04\/Jehlicnany_titulka_vetsi-768x1009.jpg 768w, https:\/\/www.ibot.cas.cz\/botanika\/wp-content\/uploads\/sites\/19\/2019\/04\/Jehlicnany_titulka_vetsi-779x1024.jpg 779w, https:\/\/www.ibot.cas.cz\/botanika\/wp-content\/uploads\/sites\/19\/2019\/04\/Jehlicnany_titulka_vetsi.jpg 827w\" sizes=\"auto, (max-width: 228px) 100vw, 228px\" \/><\/a>\u00a0<a href=\"https:\/\/www.ibot.cas.cz\/botanika\/cs\/obsah-specialu-zaostreno-na-rododendrony\/\"><img loading=\"lazy\" decoding=\"async\" class=\"alignnone wp-image-449\" src=\"https:\/\/www.ibot.cas.cz\/botanika\/wp-content\/uploads\/sites\/19\/2019\/04\/Obalka_Botanika_A4_rododendrony_2014-1-227x300.jpg\" alt=\"\" width=\"227\" height=\"300\" srcset=\"https:\/\/www.ibot.cas.cz\/botanika\/wp-content\/uploads\/sites\/19\/2019\/04\/Obalka_Botanika_A4_rododendrony_2014-1-227x300.jpg 227w, https:\/\/www.ibot.cas.cz\/botanika\/wp-content\/uploads\/sites\/19\/2019\/04\/Obalka_Botanika_A4_rododendrony_2014-1-768x1015.jpg 768w, https:\/\/www.ibot.cas.cz\/botanika\/wp-content\/uploads\/sites\/19\/2019\/04\/Obalka_Botanika_A4_rododendrony_2014-1-775x1024.jpg 775w, https:\/\/www.ibot.cas.cz\/botanika\/wp-content\/uploads\/sites\/19\/2019\/04\/Obalka_Botanika_A4_rododendrony_2014-1.jpg 827w\" sizes=\"auto, (max-width: 227px) 100vw, 227px\" \/><\/a><\/p>\n<h4><\/h4>\n","protected":false},"excerpt":{"rendered":"<p>Archiv Pravideln\u00e1 \u010d\u00edsla | Speci\u00e1ly 2020 2019 2018 2017 \u00a0 2016 2015 2014 2013 Speci\u00e1ly \u00a0<\/p>\n","protected":false},"author":4,"featured_media":0,"parent":0,"menu_order":0,"comment_status":"closed","ping_status":"closed","template":"template-achive.php","meta":{"_acf_changed":false,"footnotes":"","_links_to":"","_links_to_target":""},"class_list":["post-362","page","type-page","status-publish","hentry"],"acf":[],"_links":{"self":[{"href":"https:\/\/www.ibot.cas.cz\/botanika\/index.php?rest_route=\/wp\/v2\/pages\/362","targetHints":{"allow":["GET"]}}],"collection":[{"href":"https:\/\/www.ibot.cas.cz\/botanika\/index.php?rest_route=\/wp\/v2\/pages"}],"about":[{"href":"https:\/\/www.ibot.cas.cz\/botanika\/index.php?rest_route=\/wp\/v2\/types\/page"}],"author":[{"embeddable":true,"href":"https:\/\/www.ibot.cas.cz\/botanika\/index.php?rest_route=\/wp\/v2\/users\/4"}],"replies":[{"embeddable":true,"href":"https:\/\/www.ibot.cas.cz\/botanika\/index.php?rest_route=%2Fwp%2Fv2%2Fcomments&post=362"}],"version-history":[{"count":59,"href":"https:\/\/www.ibot.cas.cz\/botanika\/index.php?rest_route=\/wp\/v2\/pages\/362\/revisions"}],"predecessor-version":[{"id":762,"href":"https:\/\/www.ibot.cas.cz\/botanika\/index.php?rest_route=\/wp\/v2\/pages\/362\/revisions\/762"}],"wp:attachment":[{"href":"https:\/\/www.ibot.cas.cz\/botanika\/index.php?rest_route=%2Fwp%2Fv2%2Fmedia&parent=362"}],"curies":[{"name":"wp","href":"https:\/\/api.w.org\/{rel}","templated":true}]}}