{"id":14,"date":"2018-09-24T18:42:10","date_gmt":"2018-09-24T16:42:10","guid":{"rendered":"https:\/\/www.ibot.cas.cz\/botanika\/?page_id=14"},"modified":"2025-12-29T15:04:42","modified_gmt":"2025-12-29T14:04:42","slug":"predplatne-a-prodej","status":"publish","type":"page","link":"https:\/\/www.ibot.cas.cz\/botanika\/?page_id=14","title":{"rendered":"P\u0159edplatn\u00e9 a prodej"},"content":{"rendered":"<p>\u010casopis Botanika V\u00e1m za\u0161leme po\u0161tou, pokud n\u00e1m nap\u00ed\u0161ete na <strong><a href=\"mailto:botanika@ibot.cas.cz\">botanika@ibot.cas.cz<\/a><\/strong>.<\/p>\n<p>V objedn\u00e1vce nezapome\u0148te uv\u00e9st:<\/p>\n<ul>\n<li>\u010c\u00edslo pro jednotliv\u00e1 \u010d\u00edsla\/Typ p\u0159edplatn\u00e9ho<\/li>\n<li>Po\u010det kus\u016f<\/li>\n<li>E-mail<\/li>\n<li>Faktura\u010dn\u00ed \/ Doru\u010dovac\u00ed \u00fadaje (pokud se li\u0161\u00ed)\n<ul>\n<li>Jm\u00e9no a p\u0159\u00edjmen\u00ed<\/li>\n<li>Organizace + I\u010cO (pokud m\u00e1 b\u00fdt faktura vystavena na organizaci)<\/li>\n<li>Ulice a \u010d\u00edslo<\/li>\n<li>M\u011bsto<\/li>\n<li>PS\u010c<\/li>\n<\/ul>\n<\/li>\n<\/ul>\n<p><strong>Prodej<br \/>\n<\/strong>V knihkupectv\u00edch Academia, v <span style=\"color: #0000ff;\"><a style=\"color: #0000ff;\" href=\"https:\/\/www.academiaknihy.cz\/\">e-shopu Academia<\/a><\/span> a v pokladn\u011b Pr\u016fhonick\u00e9ho parku.<\/p>\n<p>&nbsp;<\/p>\n<p><strong>Periodicita<\/strong><\/p>\n<ul>\n<li><strong>Pravideln\u00e1 \u010d\u00edsla <\/strong>vych\u00e1zej\u00ed dvakr\u00e1t ro\u010dn\u011b: obvykle v dubnu a \u0159\u00edjnu<\/li>\n<li><strong>Speci\u00e1ly<\/strong> byly vyd\u00e1v\u00e1ny do roku 2022; <a href=\"https:\/\/www.ibot.cas.cz\/botanika\/?cat=258\">speci\u00e1ln\u00ed \u010d\u00edsla<\/a> je st\u00e1le mo\u017en\u00e9 objednat, vyjma speci\u00e1l\u016f Jehli\u010dnany a Listnat\u00e9 stromy 2, kter\u00e9 u\u017e nejsou dostupn\u00e9.<\/li>\n<\/ul>\n<p><strong>Ceny od roku 2024 (platn\u00e9 i pro rok 2025 a 2026)<\/strong><\/p>\n<ul>\n<li><strong>Pravideln\u00e9 \u010d\u00edslo na prodejn\u011b 59 K\u010d\u00a0<\/strong><\/li>\n<li><strong>Ro\u010dn\u00ed p\u0159edplatn\u00e9 180 K\u010d (v\u010detn\u011b baln\u00e9ho a po\u0161tovn\u00e9ho)<br \/>\n<\/strong>Z\u0160 a S\u0160 mohou z\u00edskat p\u0159edplatn\u00e9 s\u00a013% slevou.<\/li>\n<li>Star\u0161\u00ed \u010d\u00edsla pravideln\u00e1 i speci\u00e1ln\u00ed je mo\u017en\u00e9 objednat za ceny platn\u00e9 do roku 2023.<\/li>\n<\/ul>\n<p><strong>Ceny do roku 2023<\/strong><\/p>\n<ul>\n<li><strong>Pravideln\u00e9 \u010d\u00edslo na prodejn\u011b 49 K\u010d\u00a0<\/strong><\/li>\n<li><strong>Ro\u010dn\u00ed p\u0159edplatn\u00e9 150 K\u010d (v\u010detn\u011b baln\u00e9ho a po\u0161tovn\u00e9ho)<br \/>\n<\/strong>Z\u0160 a S\u0160 mohou z\u00edskat p\u0159edplatn\u00e9 s\u00a013% slevou.<\/li>\n<li><strong>Speci\u00e1ln\u00ed \u010d\u00edsla 130 K\u010d + baln\u00e9 a po\u0161tovn\u00e9<br \/>\n<\/strong>Speci\u00e1ly byly vyd\u00e1v\u00e1ny do roku 2022.<\/li>\n<\/ul>\n<p>&nbsp;<\/p>\n","protected":false},"excerpt":{"rendered":"<p>\u010casopis Botanika V\u00e1m za\u0161leme po\u0161tou, pokud n\u00e1m nap\u00ed\u0161ete na botanika@ibot.cas.cz. V objedn\u00e1vce nezapome\u0148te uv\u00e9st: \u010c\u00edslo pro jednotliv\u00e1 \u010d\u00edsla\/Typ p\u0159edplatn\u00e9ho Po\u010det kus\u016f E-mail Faktura\u010dn\u00ed \/ Doru\u010dovac\u00ed \u00fadaje (pokud se li\u0161\u00ed) Jm\u00e9no a p\u0159\u00edjmen\u00ed Organizace + I\u010cO (pokud m\u00e1 b\u00fdt faktura vystavena na organizaci) Ulice a \u010d\u00edslo M\u011bsto PS\u010c Prodej V knihkupectv\u00edch Academia, v e-shopu Academia a [&hellip;]<\/p>\n","protected":false},"author":24,"featured_media":0,"parent":0,"menu_order":0,"comment_status":"closed","ping_status":"closed","template":"","meta":{"_acf_changed":false,"footnotes":"","_links_to":"","_links_to_target":""},"class_list":["post-14","page","type-page","status-publish","hentry"],"acf":[],"_links":{"self":[{"href":"https:\/\/www.ibot.cas.cz\/botanika\/index.php?rest_route=\/wp\/v2\/pages\/14","targetHints":{"allow":["GET"]}}],"collection":[{"href":"https:\/\/www.ibot.cas.cz\/botanika\/index.php?rest_route=\/wp\/v2\/pages"}],"about":[{"href":"https:\/\/www.ibot.cas.cz\/botanika\/index.php?rest_route=\/wp\/v2\/types\/page"}],"author":[{"embeddable":true,"href":"https:\/\/www.ibot.cas.cz\/botanika\/index.php?rest_route=\/wp\/v2\/users\/24"}],"replies":[{"embeddable":true,"href":"https:\/\/www.ibot.cas.cz\/botanika\/index.php?rest_route=%2Fwp%2Fv2%2Fcomments&post=14"}],"version-history":[{"count":36,"href":"https:\/\/www.ibot.cas.cz\/botanika\/index.php?rest_route=\/wp\/v2\/pages\/14\/revisions"}],"predecessor-version":[{"id":1608,"href":"https:\/\/www.ibot.cas.cz\/botanika\/index.php?rest_route=\/wp\/v2\/pages\/14\/revisions\/1608"}],"wp:attachment":[{"href":"https:\/\/www.ibot.cas.cz\/botanika\/index.php?rest_route=%2Fwp%2Fv2%2Fmedia&parent=14"}],"curies":[{"name":"wp","href":"https:\/\/api.w.org\/{rel}","templated":true}]}}